{"id":260,"date":"2022-01-13T10:18:03","date_gmt":"2022-01-13T09:18:03","guid":{"rendered":"http:\/\/www.planete-a-roulettes.net\/Site\/?page_id=260"},"modified":"2022-04-04T11:07:08","modified_gmt":"2022-04-04T09:07:08","slug":"cosmos","status":"publish","type":"page","link":"https:\/\/www.planete-a-roulettes.net\/Site\/cosmos\/","title":{"rendered":"Spectacle COSMOS"},"content":{"rendered":"\n<div class=\"wp-block-stackable-columns stk-block-columns stk-block stk-9b3b566\" data-block-id=\"9b3b566\"><style>.stk-9b3b566{margin-bottom:0px !important}<\/style><div class=\"stk-row stk-inner-blocks stk-block-content stk-content-align stk-9b3b566-column\">\n<div class=\"wp-block-stackable-column stk-block-column stk-column stk-block stk-ba78bc1\" data-block-id=\"ba78bc1\"><div class=\"stk-column-wrapper stk-block-column__content stk-container stk-ba78bc1-container stk--no-background stk--no-padding\"><div class=\"stk-block-content stk-inner-blocks\">\n<div class=\"wp-block-nk-awb nk-awb nk-awb-Z1HLu47\" data-ghostkit-styles=\".nk-awb-Z1HLu47 { margin-left: -0px; margin-right: 0px; padding-left: 0px; padding-right: 0px; margin-top: 20px; padding-top: 20px; }\"><div class=\"nk-awb-wrap\" data-awb-type=\"yt_vm_video\" data-awb-video=\"https:\/\/youtu.be\/s9D4FxvmboA\" data-awb-video-start-time=\"20\" data-awb-video-always-play=\"true\" data-awb-video-mobile=\"true\"><div class=\"nk-awb-inner is-layout-flow wp-block-awb-is-layout-flow\"><\/div><\/div>\n<div class=\"wp-block-stackable-heading stk-block-heading stk-block stk-d8f89b0\" data-block-id=\"d8f89b0\"><style>.stk-d8f89b0{border-radius:0px !important;overflow:hidden !important;box-shadow:none !important}.stk-d8f89b0{margin-right:0px !important;margin-bottom:534px !important;margin-left:0px !important}.stk-d8f89b0 .stk-block-heading__text{font-size:63px !important;color:var(--theme-palette-color-8,#ffffff) !important;font-family:\"Bai Jamjuree\",Sans-serif !important}@media screen and (max-width:1023px){.stk-d8f89b0 .stk-block-heading__text{font-size:50px !important}}.stk-d8f89b0 .stk-block-heading__top-line{margin-left:auto !important;margin-right:auto !important}.stk-d8f89b0 .stk-block-heading__bottom-line{margin-left:auto !important;margin-right:auto !important}<\/style><h1 class=\"stk-block-heading__text has-text-color has-palette-color-8-color has-text-align-center\">Op\u00e9ra \u00e9lectro <strong><strong><strong>COSM\u014eS<\/strong><\/strong><\/strong><\/h1><\/div>\n\n\n\n<div class=\"wp-block-stackable-text stk-block-text stk-block stk-5b05e5b\" data-block-id=\"5b05e5b\"><p class=\"stk-block-text__text\"><\/p><\/div>\n\n\n\n<div class=\"wp-block-stackable-text stk-block-text stk-block stk-5409cc2\" data-block-id=\"5409cc2\"><p class=\"stk-block-text__text\"><\/p><\/div>\n<\/div>\n<\/div><\/div><\/div>\n<\/div><\/div>\n\n\n\n<div class=\"wp-block-stackable-divider alignfull stk-block-divider has-text-align-center stk-block stk-800f13f\" data-block-id=\"800f13f\"><style>.stk-800f13f{min-height:0px !important;max-width:5000px !important;min-width:auto !important;margin-top:-12px !important;margin-right:auto !important;margin-bottom:-15px !important;margin-left:auto !important;display:flex !important}.stk-800f13f{align-items:center !important}.stk-800f13f hr.stk-block-divider__hr{background:#ff9c00 !important;height:5px !important;width:100% !important}<\/style><hr class=\"stk-block-divider__hr\"\/><\/div>\n\n\n\n<div class=\"wp-block-stackable-columns stk-block-columns stk-block stk-35a358b\" data-block-id=\"35a358b\"><div class=\"stk-row stk-inner-blocks stk-block-content stk-content-align stk-35a358b-column\">\n<div class=\"wp-block-stackable-column stk-block-column stk-column stk-block stk-d62d013\" data-block-id=\"d62d013\"><style>@media screen and (min-width:768px){.stk-d62d013{flex:1 1 calc(5% - var(--stk-column-gap,0px) * 2 \/ 3 ) !important}}<\/style><div class=\"stk-column-wrapper stk-block-column__content stk-container stk-d62d013-container stk--no-background stk--no-padding\"><div class=\"stk-block-content stk-inner-blocks\"><\/div><\/div><\/div>\n\n\n\n<div class=\"wp-block-stackable-column stk-block-column stk-column stk-block stk-6e03885\" data-block-id=\"6e03885\"><style>@media screen and (min-width:768px){.stk-6e03885{flex:1 1 calc(90.033% - var(--stk-column-gap,0px) * 2 \/ 3 ) !important}}<\/style><div class=\"stk-column-wrapper stk-block-column__content stk-container stk-6e03885-container stk--no-background stk--no-padding\"><div class=\"stk-block-content stk-inner-blocks\">\n<div class=\"wp-block-group has-palette-color-8-background-color has-background is-layout-flow wp-block-group-is-layout-flow\">\n<div class=\"wp-block-stackable-subtitle stk-block-subtitle stk-block stk-e2f1d6b\" data-block-id=\"e2f1d6b\"><style>.stk-e2f1d6b{min-height:0px !important;max-width:1500px !important;min-width:auto !important;padding-top:6px !important;padding-right:6px !important;padding-bottom:6px !important;padding-left:6px !important;margin-bottom:21px !important;display:flex !important}.stk-e2f1d6b{align-items:flex-start !important}.stk-e2f1d6b{z-index:3 !important}.stk-e2f1d6b .stk-block-subtitle__text{text-shadow:2px 2px 4px rgba(0,0,0,0.2) !important;font-size:40px !important;color:var(--theme-palette-color-3,#3A4F66) !important;font-family:\"Bai Jamjuree\",Sans-serif !important}@media screen and (max-width:1023px){.stk-e2f1d6b .stk-block-subtitle__text{font-size:40px !important}}<\/style><p class=\"stk-block-subtitle__text stk-subtitle has-text-color has-palette-color-3-color has-text-align-left\"><strong><strong>Spectacle musical<strong><strong> <\/strong>COSM\u014eS<\/strong><\/strong><\/strong><\/p><\/div>\n\n\n\n<div class=\"wp-block-stackable-divider alignfull stk-block-divider has-text-align-center stk-block stk-8d0b1b9\" data-block-id=\"8d0b1b9\"><style>.stk-8d0b1b9{min-height:0px !important;max-width:5000px !important;min-width:auto !important;margin-right:auto !important;margin-bottom:-15px !important;margin-left:auto !important;display:flex !important}.stk-8d0b1b9{align-items:center !important}.stk-8d0b1b9 hr.stk-block-divider__hr{background:#ff9c00 !important;height:5px !important;width:100% !important}<\/style><hr class=\"stk-block-divider__hr\"\/><\/div>\n\n\n\n<div class=\"wp-block-group has-palette-color-3-color has-palette-color-8-background-color has-text-color has-background is-layout-flow wp-block-group-is-layout-flow\">\n<div class=\"wp-block-stackable-text stk-block-text stk-block stk-66be1b8\" data-block-id=\"66be1b8\"><style>.stk-66be1b8 .stk-block-text__text{font-size:18px !important;font-family:\"Bai Jamjuree\",Sans-serif !important}@media screen and (max-width:1023px){.stk-66be1b8 .stk-block-text__text{font-size:18px !important}}<\/style><p class=\"stk-block-text__text\">Le projet de spectacle&nbsp;<em>COSM\u014eS&nbsp;<\/em>a \u00e9t\u00e9 initi\u00e9 en 2018 par le compositeur et musicien <strong>Fr\u00e9d\u00e9ric Bousquet<\/strong>, avec <strong>Olivier Boisard,<\/strong> intervenant comme space designer et conseiller scientifique. Cet<em>&nbsp;op\u00e9ra electro&nbsp;<\/em>interpr\u00e9t\u00e9 par le groupe INVENTOR vous embarque pour un grand voyage dans l&#8217;espace, jusqu&#8217;aux confins myst\u00e9rieux du syst\u00e8me solaire &#8230; &#8230;<\/p><\/div>\n\n\n\n<div class=\"wp-block-stackable-columns stk-block-columns stk-block stk-5ddc29c\" data-block-id=\"5ddc29c\"><style>.stk-5ddc29c{margin-bottom:0px !important}.stk-5ddc29c{top:-10px !important;bottom:0px !important}<\/style><div class=\"stk-row stk-inner-blocks stk-block-content stk-content-align stk-5ddc29c-column\">\n<div class=\"wp-block-stackable-column stk-block-column stk-column stk-block stk-affd562\" data-block-id=\"affd562\"><style>.stk-affd562{margin-top:9px !important;margin-left:-13px !important}@media screen and (min-width:768px){.stk-affd562{flex:1 1 calc(52% - var(--stk-column-gap,0px) * 1 \/ 2 ) !important}}<\/style><div class=\"stk-column-wrapper stk-block-column__content stk-container stk-affd562-container stk--no-background stk--no-padding\"><div class=\"stk-block-content stk-inner-blocks\">\t\t<link href=\"https:\/\/www.planete-a-roulettes.net\/Site\/wp-content\/plugins\/slideshow-ck\/themes\/default\/css\/camera.css\" rel=\"stylesheet\" type=\"text\/css\" \/>\n\t\t<style type=\"text\/css\">\n\t\t\t#camera_wrap_1320 .camera_pag_ul li img, #camera_wrap_1320 .camera_thumbs_cont ul li img {\n\t\t\t\theight:100px;\n\t\t\t\twidth: auto;\n\t\t\t}\n\t\t\t#camera_wrap_1320 .camera_caption {\n\t\t\t\tdisplay: block;\n\t\t\t\tposition: absolute;\n\t\t\t}\n\t\t\t#camera_wrap_1320 .camera_caption a.camera_caption_link {\n\t\t\t\tdisplay: block;\n\t\t\t\tposition: absolute;\n\t\t\t\tleft: 0;\n\t\t\t\tright: 0;\n\t\t\t\ttop: 0;\n\t\t\t\tbottom: 0;\n\t\t\t}\n\t\t\t#camera_wrap_1320 .camera_caption > div {\n\t\t\t\tbackground: #000000;\t\t\t}\n\t\t\t#camera_wrap_1320 .camera_caption div.camera_caption_title {\n\t\t\t\tcolor: #44FF00;font-size: 18px;line-height: 18px;font-weight: normal;\t\t\t}\n\t\t\t#camera_wrap_1320 .camera_caption div.camera_caption_desc {\n\t\t\t\tfont-size: 12px;line-height: 12px;font-weight: normal;\t\t\t}\n\t\t<\/style>\n\t\t\t\t<div class=\"slideshowck camera_wrap camera_amber_skin\" id=\"camera_wrap_1320\">\n\t\t\t\t\t\t\t<div  data-thumb=\"https:\/\/www.planete-a-roulettes.net\/Site\/wp-content\/uploads\/2022\/02\/IMG_0204.jpeg\" data-src=\"https:\/\/www.planete-a-roulettes.net\/Site\/wp-content\/uploads\/2022\/02\/IMG_0204.jpeg\" >\n\t\t\t\t\t\t\t\t\t\t\t\t<div class=\"camera_caption fadeIn\">\n\t\t\t\t\t\t\t\t\t\t\t\t\t\t\t\t\t\t\t\t\t<div class=\"camera_caption_desc\">\n\t\t\t\t\t\t\t\tOlivier Boisard et Fr\u00e9d\u00e9ric Bousquet, lors du concert COSM\u014eS du 13\/8\/21 au chateau d'Amboise\t\t\t\t\t\t\t<\/div>\n\t\t\t\t\t\t\t\t\t\t\t\t\t\t\t\t\t\t\t\t\t\t\t\t\t\t\t<\/div>\n\t\t\t\t\t\t\t\t\t\t<\/div>\n\t\t\t\t\t\t\t<div  data-thumb=\"https:\/\/www.planete-a-roulettes.net\/Site\/wp-content\/uploads\/2022\/02\/IMG_0140.jpeg\" data-src=\"https:\/\/www.planete-a-roulettes.net\/Site\/wp-content\/uploads\/2022\/02\/IMG_0140.jpeg\" >\n\t\t\t\t\t\t\t\t\t\t\t\t<div class=\"camera_caption fadeIn\">\n\t\t\t\t\t\t\t\t\t\t\t\t\t\t\t\t\t\t\t\t\t<div class=\"camera_caption_desc\">\n\t\t\t\t\t\t\t\tCOSM\u014eS concert Inventor du 13\/8\/21 au chateau d'Amboise\t\t\t\t\t\t\t<\/div>\n\t\t\t\t\t\t\t\t\t\t\t\t\t\t\t\t\t\t\t\t\t\t\t\t\t\t\t<\/div>\n\t\t\t\t\t\t\t\t\t\t<\/div>\n\t\t\t\t\t\t\t<div  data-thumb=\"https:\/\/www.planete-a-roulettes.net\/Site\/wp-content\/uploads\/2022\/02\/cosmos1.jpg\" data-src=\"https:\/\/www.planete-a-roulettes.net\/Site\/wp-content\/uploads\/2022\/02\/cosmos1.jpg\" >\n\t\t\t\t\t\t\t\t\t\t\t\t<div class=\"camera_caption fadeIn\">\n\t\t\t\t\t\t\t\t\t\t\t\t\t\t\t\t\t\t\t\t\t<div class=\"camera_caption_desc\">\n\t\t\t\t\t\t\t\tCOSM\u014eS, station sous-marine Encelade - \u00a9 Olivier Boisard 2021\t\t\t\t\t\t\t<\/div>\n\t\t\t\t\t\t\t\t\t\t\t\t\t\t\t\t\t\t\t\t\t\t\t\t\t\t\t<\/div>\n\t\t\t\t\t\t\t\t\t\t<\/div>\n\t\t\t\t\t\t\t<div  data-thumb=\"https:\/\/www.planete-a-roulettes.net\/Site\/wp-content\/uploads\/2022\/02\/IMG_5803.jpeg\" data-src=\"https:\/\/www.planete-a-roulettes.net\/Site\/wp-content\/uploads\/2022\/02\/IMG_5803.jpeg\" >\n\t\t\t\t\t\t\t\t\t\t\t\t<div class=\"camera_caption fadeIn\">\n\t\t\t\t\t\t\t\t\t\t\t\t\t\t\t\t\t\t\t\t\t<div class=\"camera_caption_desc\">\n\t\t\t\t\t\t\t\tCOSM\u014eS, concert Inventor du 4\/5\/19, la Seine Musicale, \u00eele Seguin, Boulogne-Billancourt\t\t\t\t\t\t\t<\/div>\n\t\t\t\t\t\t\t\t\t\t\t\t\t\t\t\t\t\t\t\t\t\t\t\t\t\t\t<\/div>\n\t\t\t\t\t\t\t\t\t\t<\/div>\n\t\t\t\t\t\t\t<div  data-thumb=\"https:\/\/www.planete-a-roulettes.net\/Site\/wp-content\/uploads\/2022\/02\/Moon_night.jpeg\" data-src=\"https:\/\/www.planete-a-roulettes.net\/Site\/wp-content\/uploads\/2022\/02\/Moon_night.jpeg\" >\n\t\t\t\t\t\t\t\t\t\t\t\t<div class=\"camera_caption fadeIn\">\n\t\t\t\t\t\t\t\t\t\t\t\t\t\t\t\t\t\t\t\t\t<div class=\"camera_caption_desc\">\n\t\t\t\t\t\t\t\tCOSM\u014eS, Moon Lights - \u00a9 Olivier Boisard 2018\t\t\t\t\t\t\t<\/div>\n\t\t\t\t\t\t\t\t\t\t\t\t\t\t\t\t\t\t\t\t\t\t\t\t\t\t\t<\/div>\n\t\t\t\t\t\t\t\t\t\t<\/div>\n\t\t\t\t\t\t\t<div  data-thumb=\"https:\/\/www.planete-a-roulettes.net\/Site\/wp-content\/uploads\/2022\/02\/IMG_5676-scaled.jpeg\" data-src=\"https:\/\/www.planete-a-roulettes.net\/Site\/wp-content\/uploads\/2022\/02\/IMG_5676-scaled.jpeg\" >\n\t\t\t\t\t\t\t\t\t\t\t\t<div class=\"camera_caption fadeIn\">\n\t\t\t\t\t\t\t\t\t\t\t\t\t\t\t\t\t\t\t\t\t<div class=\"camera_caption_desc\">\n\t\t\t\t\t\t\t\tCOSM\u014eS, concert Inventor du 16\/2\/19, Le R\u00e9acteur, Issy-les-Moulineaux\t\t\t\t\t\t\t<\/div>\n\t\t\t\t\t\t\t\t\t\t\t\t\t\t\t\t\t\t\t\t\t\t\t\t\t\t\t<\/div>\n\t\t\t\t\t\t\t\t\t\t<\/div>\n\t\t\t\t\t\t\t<div  data-thumb=\"https:\/\/www.planete-a-roulettes.net\/Site\/wp-content\/uploads\/2022\/02\/Phil2.jpg\" data-src=\"https:\/\/www.planete-a-roulettes.net\/Site\/wp-content\/uploads\/2022\/02\/Phil2.jpg\" >\n\t\t\t\t\t\t\t\t\t\t\t\t<div class=\"camera_caption fadeIn\">\n\t\t\t\t\t\t\t\t\t\t\t\t\t\t\t\t\t\t\t\t\t<div class=\"camera_caption_desc\">\n\t\t\t\t\t\t\t\tCOSM\u014eS, Philharmonie Lunaire - \u00a9 Olivier Boisard 2018\t\t\t\t\t\t\t<\/div>\n\t\t\t\t\t\t\t\t\t\t\t\t\t\t\t\t\t\t\t\t\t\t\t\t\t\t\t<\/div>\n\t\t\t\t\t\t\t\t\t\t<\/div>\n\t\t\t\t\t\t\t<div  data-thumb=\"https:\/\/www.planete-a-roulettes.net\/Site\/wp-content\/uploads\/2022\/02\/IMG_0161.jpeg\" data-src=\"https:\/\/www.planete-a-roulettes.net\/Site\/wp-content\/uploads\/2022\/02\/IMG_0161.jpeg\" >\n\t\t\t\t\t\t\t\t\t\t\t\t<div class=\"camera_caption fadeIn\">\n\t\t\t\t\t\t\t\t\t\t\t\t\t\t\t\t\t\t\t\t\t<div class=\"camera_caption_desc\">\n\t\t\t\t\t\t\t\tCOSM\u014eS concert Inventor du 13\/8\/21 au chateau d'Amboise\t\t\t\t\t\t\t<\/div>\n\t\t\t\t\t\t\t\t\t\t\t\t\t\t\t\t\t\t\t\t\t\t\t\t\t\t\t<\/div>\n\t\t\t\t\t\t\t\t\t\t<\/div>\n\t\t\t\t\t<\/div>\n\t\t<div style=\"clear:both;\"><\/div>\n\t\t\n<\/div><\/div><\/div>\n\n\n\n<div class=\"wp-block-stackable-column stk-block-column stk-column stk-block stk-d2b179e\" data-block-id=\"d2b179e\"><style>@media screen and (min-width:768px){.stk-d2b179e{flex:1 1 calc(48% - var(--stk-column-gap,0px) * 1 \/ 2 ) !important}}<\/style><div class=\"stk-column-wrapper stk-block-column__content stk-container stk-d2b179e-container stk--no-background stk--no-padding\"><div class=\"stk-block-content stk-inner-blocks\">\n<div class=\"wp-block-stackable-subtitle stk-block-subtitle stk-block stk-7598bd4\" data-block-id=\"7598bd4\"><style>.stk-7598bd4{margin-bottom:14px !important}.stk-7598bd4 .stk-block-subtitle__text{font-size:25px !important;font-weight:900 !important;font-family:\"Bai Jamjuree\",Sans-serif !important}@media screen and (max-width:1023px){.stk-7598bd4 .stk-block-subtitle__text{font-size:25px !important}}<\/style><p class=\"stk-block-subtitle__text stk-subtitle\"><strong>Le spectacle<\/strong><\/p><\/div>\n\n\n\n<p style=\"font-size:clamp(14px, 0.875rem + ((1vw - 3.2px) * 0.313), 18px);\">COSM\u014eS se propose de retracer une fresque r\u00eav\u00e9e de la conqu\u00eate spatiale, pr\u00e9sente et \u00e0 venir&nbsp;: d\u00e9part de la Terre \u00e0 bord d&#8217;une fus\u00e9e g\u00e9ante &#8211; demain d&#8217;un ascenseur spatial -,  cr\u00e9ation de colonies humaines \u00e0 la surface de notre voisine la Lune, puis envol pour un grand voyage dans l&#8217;inconnu \u00e0 bord d&#8217;immenses voiliers solaires vers les plan\u00e8tes lointaines du syst\u00e8me solaire, jusqu&#8217;aux abysses de l&#8217;ocean d&#8217;Encelade, le satellite glac\u00e9 de la plan\u00e8te Saturne &#8230;<br><br>Le spectacle conjugue les sonorit\u00e9s nouvelles du groupe <strong>INVENTOR<\/strong>, avec l&#8217;imagerie spatiale con\u00e7ue par <strong>Olivier Boisard.<\/strong> Les 3 actes de COSM\u014eS ont \u00e9t\u00e9 compos\u00e9s de 2019 \u00e0 2021, et pr\u00e9sent\u00e9s lors de multiples concerts publics &#8211; notamment au <strong>R\u00e9acteur<\/strong> (Issy-les-Moulineaux), \u00e0 <strong>la Genette Verte<\/strong> (Florac), \u00e0 la <strong>Seine Musicale <\/strong>(\u00eele Seguin, Boulogne Billancourt), et au <strong>Chateau Royal d&#8217;Amboise.<\/strong><\/p>\n<\/div><\/div><\/div>\n<\/div><\/div>\n\n\n\n<div class=\"wp-block-stackable-subtitle stk-block-subtitle stk-block stk-c6cdd93\" data-block-id=\"c6cdd93\"><style>.stk-c6cdd93{margin-bottom:43px !important}.stk-c6cdd93 .stk-block-subtitle__text{font-size:25px !important;font-family:\"Bai Jamjuree\",Sans-serif !important}@media screen and (max-width:1023px){.stk-c6cdd93 .stk-block-subtitle__text{font-size:25px !important}}<\/style><p class=\"stk-block-subtitle__text stk-subtitle\"><strong>Le groupe INVENTOR<\/strong><\/p><\/div>\n\n\n\n<div class=\"wp-block-stackable-subtitle stk-block-subtitle stk-block stk-7036a0d\" data-block-id=\"7036a0d\"><p class=\"stk-block-subtitle__text stk-subtitle\"><\/p><\/div>\n\n\n\n<div class=\"wp-block-stackable-text stk-block-text stk-block stk-cdc1f04\" data-block-id=\"cdc1f04\"><style>.stk-cdc1f04{margin-top:-25px !important}.stk-cdc1f04 .stk-block-text__text{font-size:18px !important;font-family:\"Bai Jamjuree\",Sans-serif !important}@media screen and (max-width:1023px){.stk-cdc1f04 .stk-block-text__text{font-size:18px !important}}<\/style><p class=\"stk-block-text__text\">L&#8217;originalit\u00e9 du groupe <strong>INVENTOR<\/strong>, fond\u00e9 en 2018 par <strong>Fr\u00e9d\u00e9ric Bousquet<\/strong>, est de r\u00e9unir des musiciens inventeurs d&#8217;instruments aux sonorit\u00e9s nouvelles &#8211; qu&#8217;elles soient acoustiques ou num\u00e9riques &#8211; f\u00e9d\u00e9rant ainsi dans un projet artistique des entreprises innovantes de la facture instrumentale contemporaine.<\/p><\/div>\n\n\n\n<div class=\"wp-block-stackable-columns stk-block-columns stk-block stk-b795fc9\" data-block-id=\"b795fc9\"><style>.stk-b795fc9{margin-bottom:0px !important}.stk-b795fc9{top:-10px !important;bottom:0px !important}<\/style><div class=\"stk-row stk-inner-blocks stk-block-content stk-content-align stk-b795fc9-column\">\n<div class=\"wp-block-stackable-column stk-block-column stk-column stk-block stk-05cb141\" data-block-id=\"05cb141\"><style>.stk-05cb141{margin-top:9px !important;margin-left:-13px !important}<\/style><div class=\"stk-column-wrapper stk-block-column__content stk-container stk-05cb141-container stk--no-background stk--no-padding\"><div class=\"stk-block-content stk-inner-blocks\">\n<p style=\"font-size:clamp(14px, 0.875rem + ((1vw - 3.2px) * 0.313), 18px);\">Instruments originaux du groupe Inventor :<\/p>\n\n\n\n<ul type=\"1\" style=\"font-size:clamp(14px, 0.875rem + ((1vw - 3.2px) * 0.313), 18px);\"><li><strong>Titanium Euphone\u00ae <\/strong>: Fr\u00e9d\u00e9ric Bousquet<\/li><li><strong>Sylphyo\u00ae&nbsp;:<\/strong> Florian Becquigny<\/li><li><strong>Spacedrum\u00ae, Ludophones\u00ae,<\/strong> Harpes m\u00e9talliques &amp; percussions : Cyril Cambon<\/li><li><strong>Dualo\u00ae<\/strong>&nbsp;: Sergue\u00ef Becoulet ou Arno Jouffroy<\/li><li><strong>Chant &amp; Looper, Sound Mask\u00ae <\/strong>: Cl\u00e9mence de La Taille<\/li><li><strong>Violon augment\u00e9 Yamaha<\/strong>&nbsp;: Laure Schappler<\/li><\/ul>\n<\/div><\/div><\/div>\n\n\n\n<div class=\"wp-block-stackable-column stk-block-column stk-column stk-block stk-031e439\" data-block-id=\"031e439\"><style>.stk-031e439 .stk-block-column__content{padding-top:16px !important;padding-right:16px !important;padding-bottom:16px !important;padding-left:16px !important}<\/style><div class=\"stk-column-wrapper stk-block-column__content stk-container stk-031e439-container stk--no-background stk--no-padding\"><div class=\"stk-block-content stk-inner-blocks\">\n<figure class=\"wp-block-embed is-type-video is-provider-youtube wp-block-embed-youtube wp-embed-aspect-16-9 wp-has-aspect-ratio\"><div class=\"wp-block-embed__wrapper\">\n<iframe loading=\"lazy\" title=\"Cosmos by Inventor - concert du 13\/8\/21 au Ch\u00e2teau d&#039;Amboise\" width=\"1290\" height=\"726\" src=\"https:\/\/www.youtube.com\/embed\/4U5k8oZs5m8?feature=oembed\" frameborder=\"0\" allow=\"accelerometer; autoplay; clipboard-write; encrypted-media; gyroscope; picture-in-picture; web-share\" referrerpolicy=\"strict-origin-when-cross-origin\" allowfullscreen><\/iframe>\n<\/div><figcaption><sub><strong><strong><strong>COSM\u014eS<\/strong><\/strong><\/strong>, concert du 13\/8\/21 au chateau d&#8217;Amboise<br>\u00a9 Olivier Boisard &#8211; Cosmos &#8211; 2021<\/sub><\/figcaption><\/figure>\n<\/div><\/div><\/div>\n<\/div><\/div>\n\n\n\n<div class=\"wp-block-stackable-columns stk-block-columns stk-block stk-8094d9f\" data-block-id=\"8094d9f\"><style>.stk-8094d9f{margin-bottom:0px !important}.stk-8094d9f{top:-10px !important;bottom:0px !important}<\/style><div class=\"stk-row stk-inner-blocks stk-block-content stk-content-align stk-8094d9f-column\">\n<div class=\"wp-block-stackable-column stk-block-column stk-column stk-block stk-2448eda\" data-block-id=\"2448eda\"><style>.stk-2448eda{margin-top:9px !important;margin-left:-13px !important}<\/style><div class=\"stk-column-wrapper stk-block-column__content stk-container stk-2448eda-container stk--no-background stk--no-padding\"><div class=\"stk-block-content stk-inner-blocks\">\n<p style=\"font-size:clamp(14px, 0.875rem + ((1vw - 3.2px) * 0.313), 18px);\">IMAGERIE SPATIALE : Olivier Boisard<\/p>\n\n\n\n<p style=\"font-size:clamp(14px, 0.875rem + ((1vw - 3.2px) * 0.313), 18px);\">GUESTS :<\/p>\n\n\n\n<ul type=\"1\" style=\"font-size:clamp(14px, 0.875rem + ((1vw - 3.2px) * 0.313), 18px);\"><li>Karlax&nbsp;: Jean-Marie Colin<\/li><li>Korn Bass&nbsp;: David Defois<\/li><li>Design Sonore, percussions&nbsp;: Mahut<\/li><li>Chant, Sound Mask\u00ae&nbsp;: Natalia Nerchevskaya<\/li><li>Informatique musicale &amp; \u00e9lectronique&nbsp;: J\u00e9r\u00e9mie Perrouin<\/li><li>ZEF&nbsp;: Olivier Samouillan ou Aur\u00e9lien Bertrand<\/li><li>Instruments rares dont lithophones &nbsp;: Jesse Stewart, PhD<\/li><\/ul>\n<\/div><\/div><\/div>\n\n\n\n<div class=\"wp-block-stackable-column stk-block-column stk-column stk-block stk-3808d9c\" data-block-id=\"3808d9c\"><style>.stk-3808d9c .stk-block-column__content{padding-top:16px !important;padding-right:16px !important;padding-bottom:16px !important;padding-left:16px !important}<\/style><div class=\"stk-column-wrapper stk-block-column__content stk-container stk-3808d9c-container stk--no-background stk--no-padding\"><div class=\"stk-block-content stk-inner-blocks\">\n<figure class=\"wp-block-embed is-type-video is-provider-youtube wp-block-embed-youtube wp-embed-aspect-16-9 wp-has-aspect-ratio\"><div class=\"wp-block-embed__wrapper\">\n<iframe loading=\"lazy\" title=\"COSMOS OPERA ELECTRO ACTE 2 MOON VILLAGE by INVENTOR (2020)\" width=\"1290\" height=\"726\" src=\"https:\/\/www.youtube.com\/embed\/GMhulfSZX-Y?feature=oembed\" frameborder=\"0\" allow=\"accelerometer; autoplay; clipboard-write; encrypted-media; gyroscope; picture-in-picture; web-share\" referrerpolicy=\"strict-origin-when-cross-origin\" allowfullscreen><\/iframe>\n<\/div><figcaption><sub><strong><strong><strong>COSM\u014eS<\/strong><\/strong><\/strong>, clip Acte 2<br>\u00a9 Olivier Boisard &#8211; Cosmos &#8211; 2020<\/sub><\/figcaption><\/figure>\n<\/div><\/div><\/div>\n<\/div><\/div>\n\n\n\n<p>TECHNIQUE<\/p>\n\n\n\n<ul type=\"1\" start=\"18\" style=\"font-size:clamp(14px, 0.875rem + ((1vw - 3.2px) * 0.313), 18px);\"><li>Cr\u00e9ation Vid\u00e9o&nbsp;: Nassimo Berthomm\u00e9<\/li><li>Cr\u00e9ation Lumi\u00e8re&nbsp;: Vincent la Rocca<\/li><li>Dispositif&nbsp;visuel : Artisans num\u00e9rique (Bruno Monp\u00e8re &amp; Maxime Thibault R.N.G.A.)<\/li><li>Multidiffusion &amp; spatialisation&nbsp;: Julien Guillamat<\/li><li>Mise en sc\u00e8ne : Philippe Corbier<\/li><li>Charg\u00e9e de diffusion, administration de tourn\u00e9e&nbsp;&amp; communication : Stolon Art &amp; Science<\/li><li>Sonorisation&nbsp;: Ziggy ou Corentin Abeille ou Fran\u00e7ois Yvernat<\/li><\/ul>\n\n\n\n<hr class=\"wp-block-separator\"\/>\n<\/div>\n<\/div>\n<\/div><\/div><\/div>\n\n\n\n<div class=\"wp-block-stackable-column stk-block-column stk-column stk-block stk-6633ec8\" data-block-id=\"6633ec8\"><style>@media screen and (min-width:768px){.stk-6633ec8{flex:1 1 calc(5% - var(--stk-column-gap,0px) * 2 \/ 3 ) !important}}<\/style><div class=\"stk-column-wrapper stk-block-column__content stk-container stk-6633ec8-container stk--no-background stk--no-padding\"><div class=\"stk-block-content stk-inner-blocks\"><\/div><\/div><\/div>\n<\/div><\/div>\n\n\n\n<p><\/p>\n","protected":false},"excerpt":{"rendered":"<p>Spectacle musical COSM\u014eS Le projet de spectacle&nbsp;COSM\u014eS&nbsp;a \u00e9t\u00e9 initi\u00e9 en 2018 par le compositeur et musicien Fr\u00e9d\u00e9ric Bousquet, avec Olivier Boisard, intervenant comme space designer et conseiller scientifique. Cet&nbsp;op\u00e9ra electro&nbsp;interpr\u00e9t\u00e9 par le groupe INVENTOR vous embarque pour un grand voyage dans l&#8217;espace, jusqu&#8217;aux confins myst\u00e9rieux du syst\u00e8me solaire &#8230; &#8230; Le spectacle COSM\u014eS se propose [&hellip;]<\/p>\n","protected":false},"author":1,"featured_media":0,"parent":0,"menu_order":0,"comment_status":"closed","ping_status":"closed","template":"template-page-builder.php","meta":{"_uag_custom_page_level_css":"","footnotes":""},"blocksy_meta":{"styles_descriptor":{"styles":{"desktop":"","tablet":"","mobile":""},"google_fonts":[],"version":6}},"uagb_featured_image_src":{"full":false,"thumbnail":false,"medium":false,"medium_large":false,"large":false,"1536x1536":false,"2048x2048":false,"awb_sm":false,"awb_md":false,"awb_lg":false,"awb_xl":false},"uagb_author_info":{"display_name":"oboisard","author_link":"https:\/\/www.planete-a-roulettes.net\/Site\/blog\/author\/oboisard\/"},"uagb_comment_info":0,"uagb_excerpt":"Spectacle musical COSM\u014eS Le projet de spectacle&nbsp;COSM\u014eS&nbsp;a \u00e9t\u00e9 initi\u00e9 en 2018 par le compositeur et musicien Fr\u00e9d\u00e9ric Bousquet, avec Olivier Boisard, intervenant comme space designer et conseiller scientifique. Cet&nbsp;op\u00e9ra electro&nbsp;interpr\u00e9t\u00e9 par le groupe INVENTOR vous embarque pour un grand voyage dans l&#8217;espace, jusqu&#8217;aux confins myst\u00e9rieux du syst\u00e8me solaire &#8230; &#8230; Le spectacle COSM\u014eS se propose\u2026","_links":{"self":[{"href":"https:\/\/www.planete-a-roulettes.net\/Site\/wp-json\/wp\/v2\/pages\/260"}],"collection":[{"href":"https:\/\/www.planete-a-roulettes.net\/Site\/wp-json\/wp\/v2\/pages"}],"about":[{"href":"https:\/\/www.planete-a-roulettes.net\/Site\/wp-json\/wp\/v2\/types\/page"}],"author":[{"embeddable":true,"href":"https:\/\/www.planete-a-roulettes.net\/Site\/wp-json\/wp\/v2\/users\/1"}],"replies":[{"embeddable":true,"href":"https:\/\/www.planete-a-roulettes.net\/Site\/wp-json\/wp\/v2\/comments?post=260"}],"version-history":[{"count":172,"href":"https:\/\/www.planete-a-roulettes.net\/Site\/wp-json\/wp\/v2\/pages\/260\/revisions"}],"predecessor-version":[{"id":1956,"href":"https:\/\/www.planete-a-roulettes.net\/Site\/wp-json\/wp\/v2\/pages\/260\/revisions\/1956"}],"wp:attachment":[{"href":"https:\/\/www.planete-a-roulettes.net\/Site\/wp-json\/wp\/v2\/media?parent=260"}],"curies":[{"name":"wp","href":"https:\/\/api.w.org\/{rel}","templated":true}]}}