{"id":2,"date":"2022-01-04T10:58:12","date_gmt":"2022-01-04T09:58:12","guid":{"rendered":"http:\/\/www.planete-a-roulettes.net\/Site\/?page_id=2"},"modified":"2022-02-17T17:15:44","modified_gmt":"2022-02-17T16:15:44","slug":"espace","status":"publish","type":"page","link":"https:\/\/www.planete-a-roulettes.net\/Site\/espace\/","title":{"rendered":"Espace"},"content":{"rendered":"\n<div class=\"wp-block-group has-palette-color-8-background-color has-background is-layout-flow wp-block-group-is-layout-flow\">\n<div class=\"wp-block-stackable-subtitle stk-block-subtitle stk-block stk-be21755\" data-block-id=\"be21755\"><style>.stk-be21755{min-height:0px !important;max-width:1500px !important;min-width:auto !important;padding-top:6px !important;padding-right:6px !important;padding-bottom:6px !important;padding-left:6px !important;margin-bottom:2px !important;display:flex !important}.stk-be21755{align-items:flex-start !important}.stk-be21755{z-index:3 !important}.stk-be21755 .stk-block-subtitle__text{text-shadow:2px 2px 4px rgba(0,0,0,0.2) !important;font-size:40px !important;color:var(--theme-palette-color-3,#3A4F66) !important;font-family:\"Bai Jamjuree\",Sans-serif !important}@media screen and (max-width:1023px){.stk-be21755 .stk-block-subtitle__text{font-size:40px !important}}<\/style><p class=\"stk-block-subtitle__text stk-subtitle has-text-color has-palette-color-3-color has-text-align-left\"><strong><strong>Espace<\/strong><\/strong><\/p><\/div>\n\n\n\n<div class=\"wp-block-stackable-divider alignfull stk-block-divider has-text-align-center stk-block stk-d736d2d\" data-block-id=\"d736d2d\"><style>.stk-d736d2d{min-height:0px !important;max-width:5000px !important;min-width:auto !important;margin-right:auto !important;margin-bottom:-15px !important;margin-left:auto !important;display:flex !important}.stk-d736d2d{align-items:center !important}.stk-d736d2d hr.stk-block-divider__hr{background:#ff9c00 !important;height:5px !important;width:100% !important}<\/style><hr class=\"stk-block-divider__hr\"\/><\/div>\n<\/div>\n\n\n\n<div class=\"wp-block-group has-palette-color-4-color has-palette-color-8-background-color has-text-color has-background is-layout-flow wp-block-group-is-layout-flow\">\n<div class=\"wp-block-columns is-layout-flex wp-container-core-columns-is-layout-1 wp-block-columns-is-layout-flex\">\n<div class=\"wp-block-column is-vertically-aligned-top is-layout-flow wp-block-column-is-layout-flow\">\n<div class=\"wp-block-animate-blocks-animate\" data-aos=\"slide-up\" data-aos-easing=\"ease-out\">\n<figure class=\"wp-block-image size-full is-style-default\"><a href=\"https:\/\/www.planete-a-roulettes.net\/Site\/cosmos\/\"><img loading=\"lazy\" decoding=\"async\" width=\"500\" height=\"331\" src=\"http:\/\/www.planete-a-roulettes.net\/Site\/wp-content\/uploads\/2022\/02\/amboise1.jpg\" alt=\"\" class=\"wp-image-1364\" srcset=\"https:\/\/www.planete-a-roulettes.net\/Site\/wp-content\/uploads\/2022\/02\/amboise1.jpg 500w, https:\/\/www.planete-a-roulettes.net\/Site\/wp-content\/uploads\/2022\/02\/amboise1-300x199.jpg 300w\" sizes=\"(max-width: 500px) 100vw, 500px\" \/><\/a><\/figure>\n\n\n\n<div class=\"wp-block-stackable-button-group stk-block-button-group stk-block stk-73487be\" data-block-id=\"73487be\"><style>.stk-73487be{margin-bottom:8px !important}<\/style><div class=\"stk-row stk-inner-blocks stk-block-content stk-button-group\">\n<div class=\"wp-block-stackable-button stk-block-button stk-block stk-dee4eb3\" data-block-id=\"dee4eb3\"><style>.stk-dee4eb3,.stk-dee4eb3 .stk-button{width:100% !important}.stk-dee4eb3 .stk-button{background:#ff9c00 !important}.stk-dee4eb3 .stk-button{border-radius:10px !important;overflow:hidden !important}.stk-dee4eb3 .stk-button .stk--inner-svg svg:last-child,.stk-dee4eb3 .stk-button .stk--inner-svg svg:last-child :is(g,path,rect,polygon,ellipse){fill:#ff9529 !important}.stk-dee4eb3 .stk-button__inner-text{font-size:20px !important;color:var(--theme-palette-color-6,#f2f5f7) !important;font-weight:600 !important;font-family:\"Bai Jamjuree\",Sans-serif !important}@media screen and (max-width:1023px){.stk-dee4eb3 .stk-button__inner-text{font-size:20px !important}}<\/style><a class=\"stk-link stk-button stk--hover-effect-scale\" href=\"https:\/\/www.planete-a-roulettes.net\/Site\/cosmos\/\" title=\"Pr\u00e9sentation de l'appli\" rel=\"https:\/\/www.planete-a-roulettes.net\/Site\/cosmos\/\"><span class=\"has-text-color has-palette-color-6-color stk-button__inner-text\">Voir le site<\/span><\/a><\/div>\n<\/div><\/div>\n\n\n\n<div class=\"wp-block-stackable-subtitle stk-block-subtitle stk-block stk-a0fae12\" data-block-id=\"a0fae12\"><style>.stk-a0fae12{min-height:0px !important;max-width:1500px !important;min-width:auto !important;padding-top:6px !important;padding-right:6px !important;padding-bottom:6px !important;padding-left:6px !important;margin-bottom:2px !important;display:flex !important}.stk-a0fae12{align-items:flex-start !important}.stk-a0fae12{z-index:3 !important}.stk-a0fae12 .stk-block-subtitle__text{text-shadow:2px 2px 4px rgba(0,0,0,0.2) !important;font-size:25px !important;color:var(--theme-palette-color-3,#3A4F66) !important;font-family:\"Bai Jamjuree\",Sans-serif !important}@media screen and (max-width:1023px){.stk-a0fae12 .stk-block-subtitle__text{font-size:25px !important}}<\/style><p class=\"stk-block-subtitle__text stk-subtitle has-text-color has-palette-color-3-color has-text-align-center\"><strong>ARCHIpel : prospective de l&#8217;exploration spatiale&nbsp;<\/strong><\/p><\/div>\n\n\n\n<p class=\"has-small-font-size\">Depuis plus de cinquante ans, la conqu\u00eate spatiale fait r\u00eaver, et se nourrit d\u2019images o\u00f9 se m\u00ealent l\u2019actualit\u00e9 scientifique, les projets r\u00e9alistes, et les fictions fantaisistes. Peut-on construire un sc\u00e9nario de prospective pr\u00e9sentant \u2013 jusqu\u2019\u00e0 l\u2019horizon 2100 \u2013 les \u00e9tapes les plus probables de l\u2019aventure ? Quels en seraient les enjeux, les risques, les b\u00e9n\u00e9fices ? Peut-on en d\u00e9crire les r\u00e9alisations les plus originales, les vaisseaux, les architectures ?<\/p>\n<\/div>\n<\/div>\n\n\n\n<div class=\"wp-block-column is-layout-flow wp-block-column-is-layout-flow\">\n<div class=\"wp-block-animate-blocks-animate\" data-aos=\"slide-up\" data-aos-easing=\"ease-out\">\n<figure class=\"wp-block-image size-large is-style-default\"><a href=\"http:\/\/www.apogeios.net\/\"><img loading=\"lazy\" decoding=\"async\" width=\"1024\" height=\"677\" src=\"http:\/\/www.planete-a-roulettes.net\/Site\/wp-content\/uploads\/2022\/02\/apo-1024x677.jpg\" alt=\"\" class=\"wp-image-1175\" srcset=\"https:\/\/www.planete-a-roulettes.net\/Site\/wp-content\/uploads\/2022\/02\/apo-1024x677.jpg 1024w, https:\/\/www.planete-a-roulettes.net\/Site\/wp-content\/uploads\/2022\/02\/apo-300x198.jpg 300w, https:\/\/www.planete-a-roulettes.net\/Site\/wp-content\/uploads\/2022\/02\/apo-768x508.jpg 768w, https:\/\/www.planete-a-roulettes.net\/Site\/wp-content\/uploads\/2022\/02\/apo.jpg 1332w\" sizes=\"(max-width: 1024px) 100vw, 1024px\" \/><\/a><\/figure>\n\n\n\n<div class=\"wp-block-stackable-button-group stk-block-button-group stk-block stk-47ede2d\" data-block-id=\"47ede2d\"><style>.stk-47ede2d{margin-bottom:8px !important}<\/style><div class=\"stk-row stk-inner-blocks stk-block-content stk-button-group\">\n<div class=\"wp-block-stackable-button stk-block-button stk-block stk-68c4a59\" data-block-id=\"68c4a59\"><style>.stk-68c4a59,.stk-68c4a59 .stk-button{width:100% !important}.stk-68c4a59 .stk-button{background:#ff9c00 !important}.stk-68c4a59 .stk-button{border-radius:10px !important;overflow:hidden !important}.stk-68c4a59 .stk-button .stk--inner-svg svg:last-child,.stk-68c4a59 .stk-button .stk--inner-svg svg:last-child :is(g,path,rect,polygon,ellipse){fill:#ff9529 !important}.stk-68c4a59 .stk-button__inner-text{font-size:20px !important;color:var(--theme-palette-color-6,#f2f5f7) !important;font-weight:600 !important;font-family:\"Bai Jamjuree\",Sans-serif !important}@media screen and (max-width:1023px){.stk-68c4a59 .stk-button__inner-text{font-size:20px !important}}<\/style><a class=\"stk-link stk-button stk--hover-effect-scale\" href=\"http:\/\/www.apogeios.net\/\" title=\"Voir le doc\" rel=\"https:\/\/www.apogeios.net\/\"><span class=\"has-text-color has-palette-color-6-color stk-button__inner-text\">Voir le site<\/span><\/a><\/div>\n<\/div><\/div>\n\n\n\n<div class=\"wp-block-stackable-subtitle stk-block-subtitle stk-block stk-0a37766\" data-block-id=\"0a37766\"><style>.stk-0a37766{min-height:0px !important;max-width:1500px !important;min-width:auto !important;padding-top:6px !important;padding-right:6px !important;padding-bottom:6px !important;padding-left:6px !important;margin-bottom:2px !important;display:flex !important}.stk-0a37766{align-items:flex-start !important}.stk-0a37766{z-index:3 !important}.stk-0a37766 .stk-block-subtitle__text{text-shadow:2px 2px 4px rgba(0,0,0,0.2) !important;font-size:25px !important;color:var(--theme-palette-color-3,#3A4F66) !important;font-family:\"Bai Jamjuree\",Sans-serif !important}@media screen and (max-width:1023px){.stk-0a37766 .stk-block-subtitle__text{font-size:25px !important}}<\/style><p class=\"stk-block-subtitle__text stk-subtitle has-text-color has-palette-color-3-color has-text-align-center\"><strong><strong>Projet de cit\u00e9 spatiale Apogeios<\/strong><\/strong><\/p><\/div>\n\n\n\n<p class=\"has-small-font-size\">En nous int\u00e9ressant avec <strong>Pierre Marx<\/strong> aux cit\u00e9s spatiales, notre objectif a \u00e9t\u00e9 d\u2019identifier &#8211; \u00e0 la lueur des acquis scientifiques de ces derni\u00e8res d\u00e9cennies &#8211; les solutions technologiques, les contraintes, les hypoth\u00e8ses \u00e0 approfondir \u2026, afin de d\u00e9velopper un concept architectural sinon r\u00e9alisable \u00e0 court terme, du moins plausible \u00e0 l\u2019horizon d\u2019une \u00e0 deux g\u00e9n\u00e9rations.<\/p>\n<\/div>\n<\/div>\n\n\n\n<div class=\"wp-block-column is-layout-flow wp-block-column-is-layout-flow\">\n<div class=\"wp-block-animate-blocks-animate\" data-aos=\"slide-up\" data-aos-easing=\"ease-out\">\n<figure class=\"wp-block-image size-large is-style-default\"><a href=\"http:\/\/www.planete-a-roulettes.net\/DOC\/SUN_ARROW_OLIVIER_BOISARD_BR.pdf\"><img loading=\"lazy\" decoding=\"async\" width=\"1024\" height=\"677\" src=\"http:\/\/www.planete-a-roulettes.net\/Site\/wp-content\/uploads\/2022\/02\/spss-1024x677.jpg\" alt=\"\" class=\"wp-image-1064\" srcset=\"https:\/\/www.planete-a-roulettes.net\/Site\/wp-content\/uploads\/2022\/02\/spss-1024x677.jpg 1024w, https:\/\/www.planete-a-roulettes.net\/Site\/wp-content\/uploads\/2022\/02\/spss-300x198.jpg 300w, https:\/\/www.planete-a-roulettes.net\/Site\/wp-content\/uploads\/2022\/02\/spss-768x508.jpg 768w, https:\/\/www.planete-a-roulettes.net\/Site\/wp-content\/uploads\/2022\/02\/spss.jpg 1332w\" sizes=\"(max-width: 1024px) 100vw, 1024px\" \/><\/a><\/figure>\n\n\n\n<div class=\"wp-block-stackable-button-group stk-block-button-group stk-block stk-6a8af5d\" data-block-id=\"6a8af5d\"><style>.stk-6a8af5d{margin-bottom:8px !important}<\/style><div class=\"stk-row stk-inner-blocks stk-block-content stk-button-group\">\n<div class=\"wp-block-stackable-button stk-block-button stk-block stk-d0009ce\" data-block-id=\"d0009ce\"><style>.stk-d0009ce,.stk-d0009ce .stk-button{width:100% !important}.stk-d0009ce .stk-button{background:#ff9c00 !important}.stk-d0009ce .stk-button{border-radius:10px !important;overflow:hidden !important}.stk-d0009ce .stk-button .stk--inner-svg svg:last-child,.stk-d0009ce .stk-button .stk--inner-svg svg:last-child :is(g,path,rect,polygon,ellipse){fill:#ff9529 !important}.stk-d0009ce .stk-button__inner-text{font-size:20px !important;color:var(--theme-palette-color-6,#f2f5f7) !important;font-weight:600 !important;font-family:\"Bai Jamjuree\",Sans-serif !important}@media screen and (max-width:1023px){.stk-d0009ce .stk-button__inner-text{font-size:20px !important}}<\/style><a class=\"stk-link stk-button stk--hover-effect-scale\" href=\"http:\/\/www.planete-a-roulettes.net\/DOC\/SUN_ARROW_OLIVIER_BOISARD_BR.pdf\" title=\"Voir le doc\" rel=\"http:\/\/www.planete-a-roulettes.net\/DOC\/SUN_ARROW_OLIVIER_BOISARD_BR.pdf\"><span class=\"has-text-color has-palette-color-6-color stk-button__inner-text\">Voir le doc (pdf)<\/span><\/a><\/div>\n<\/div><\/div>\n\n\n\n<div class=\"wp-block-stackable-subtitle stk-block-subtitle stk-block stk-7bd4637\" data-block-id=\"7bd4637\"><style>.stk-7bd4637{min-height:0px !important;max-width:1500px !important;min-width:auto !important;padding-top:6px !important;padding-right:6px !important;padding-bottom:6px !important;padding-left:6px !important;margin-bottom:2px !important;display:flex !important}.stk-7bd4637{align-items:flex-start !important}.stk-7bd4637{z-index:3 !important}.stk-7bd4637 .stk-block-subtitle__text{text-shadow:2px 2px 4px rgba(0,0,0,0.2) !important;font-size:25px !important;color:var(--theme-palette-color-3,#3A4F66) !important;font-family:\"Bai Jamjuree\",Sans-serif !important}@media screen and (max-width:1023px){.stk-7bd4637 .stk-block-subtitle__text{font-size:25px !important}}<\/style><p class=\"stk-block-subtitle__text stk-subtitle has-text-color has-palette-color-3-color has-text-align-center\"><strong><strong>Projet de SPS &#8220;Sun Arrow&#8221;<\/strong><\/strong><\/p><\/div>\n\n\n\n<p class=\"has-small-font-size\">Un concept original de Centrale Solaire Spatiale (SPS) con\u00e7u par <strong>Olivier Boisard,<\/strong> et pr\u00e9sent\u00e9 pour le<em> Prix Architecture et Design de l&#8217;Espace<\/em> 2017 de la Fondation Jacques Rougerie, Acad\u00e9mie d&#8217;Architecture de l&#8217;Institut de France. <\/p>\n<\/div>\n<\/div>\n<\/div>\n\n\n\n<div class=\"wp-block-columns is-layout-flex wp-container-core-columns-is-layout-2 wp-block-columns-is-layout-flex\">\n<div class=\"wp-block-column is-layout-flow wp-block-column-is-layout-flow\">\n<div class=\"wp-block-animate-blocks-animate\" data-aos=\"slide-up\" data-aos-easing=\"ease-out\">\n<figure class=\"wp-block-image size-full is-style-default\"><a href=\"http:\/\/www.planete-a-roulettes.net\/Site\/ascenseur-spatial\/\"><img loading=\"lazy\" decoding=\"async\" width=\"500\" height=\"331\" src=\"http:\/\/www.planete-a-roulettes.net\/Site\/wp-content\/uploads\/2022\/02\/spacel.jpg\" alt=\"\" class=\"wp-image-1151\" srcset=\"https:\/\/www.planete-a-roulettes.net\/Site\/wp-content\/uploads\/2022\/02\/spacel.jpg 500w, https:\/\/www.planete-a-roulettes.net\/Site\/wp-content\/uploads\/2022\/02\/spacel-300x199.jpg 300w\" sizes=\"(max-width: 500px) 100vw, 500px\" \/><\/a><\/figure>\n\n\n\n<div class=\"wp-block-stackable-button-group stk-block-button-group stk-block stk-f1ba96d\" data-block-id=\"f1ba96d\"><style>.stk-f1ba96d{margin-bottom:8px !important}<\/style><div class=\"stk-row stk-inner-blocks stk-block-content stk-button-group\">\n<div class=\"wp-block-stackable-button stk-block-button stk-block stk-3f810a6\" data-block-id=\"3f810a6\"><style>.stk-3f810a6,.stk-3f810a6 .stk-button{width:100% !important}.stk-3f810a6 .stk-button{background:#ff9c00 !important}.stk-3f810a6 .stk-button{border-radius:10px !important;overflow:hidden !important}.stk-3f810a6 .stk-button .stk--inner-svg svg:last-child,.stk-3f810a6 .stk-button .stk--inner-svg svg:last-child :is(g,path,rect,polygon,ellipse){fill:#ff9529 !important}.stk-3f810a6 .stk-button__inner-text{font-size:20px !important;color:var(--theme-palette-color-6,#f2f5f7) !important;font-weight:600 !important;font-family:\"Bai Jamjuree\",Sans-serif !important}@media screen and (max-width:1023px){.stk-3f810a6 .stk-button__inner-text{font-size:20px !important}}<\/style><a class=\"stk-link stk-button stk--hover-effect-scale\" href=\"http:\/\/www.planete-a-roulettes.net\/Site\/ascenseur-spatial\/\" title=\"Pr\u00e9sentation du spectacle\" rel=\"http:\/\/www.planete-a-roulettes.net\/Site\/ascenseur-spatial\/\"><span class=\"has-text-color has-palette-color-6-color stk-button__inner-text\">Pr\u00e9sentation de l&#8217;appli<\/span><\/a><\/div>\n<\/div><\/div>\n\n\n\n<div class=\"wp-block-stackable-subtitle stk-block-subtitle stk-block stk-dd27032\" data-block-id=\"dd27032\"><style>.stk-dd27032{min-height:0px !important;max-width:1500px !important;min-width:auto !important;padding-top:6px !important;padding-right:6px !important;padding-bottom:6px !important;padding-left:6px !important;margin-bottom:2px !important;display:flex !important}.stk-dd27032{align-items:flex-start !important}.stk-dd27032{z-index:3 !important}.stk-dd27032 .stk-block-subtitle__text{text-shadow:2px 2px 4px rgba(0,0,0,0.2) !important;font-size:25px !important;color:var(--theme-palette-color-3,#3A4F66) !important;font-family:\"Bai Jamjuree\",Sans-serif !important}@media screen and (max-width:1023px){.stk-dd27032 .stk-block-subtitle__text{font-size:25px !important}}<\/style><p class=\"stk-block-subtitle__text stk-subtitle has-text-color has-palette-color-3-color has-text-align-center\"><strong>Space Elevator AR<\/strong><\/p><\/div>\n\n\n\n<p class=\"has-small-font-size\">Avec cette application pour iPhone et iPad, d\u00e9couvrez l\u2019ascenseur spatial en <strong>R\u00e9alit\u00e9 Augment\u00e9e<\/strong>, mod\u00e8le r\u00e9duit dans votre salon ou en ext\u00e9rieur grandeur nature &#8230; <\/p>\n<\/div>\n<\/div>\n\n\n\n<div class=\"wp-block-column is-layout-flow wp-block-column-is-layout-flow\">\n<div class=\"wp-block-animate-blocks-animate\" data-aos=\"slide-up\" data-aos-easing=\"ease-out\">\n<figure class=\"wp-block-image size-large is-style-default\"><a href=\"https:\/\/www.planete-a-roulettes.net\/Site\/voiliers-solaires\/\"><img loading=\"lazy\" decoding=\"async\" width=\"1024\" height=\"677\" src=\"http:\/\/www.planete-a-roulettes.net\/Site\/wp-content\/uploads\/2022\/02\/voiliersolaire-1024x677.jpg\" alt=\"\" class=\"wp-image-1878\" srcset=\"https:\/\/www.planete-a-roulettes.net\/Site\/wp-content\/uploads\/2022\/02\/voiliersolaire-1024x677.jpg 1024w, https:\/\/www.planete-a-roulettes.net\/Site\/wp-content\/uploads\/2022\/02\/voiliersolaire-300x198.jpg 300w, https:\/\/www.planete-a-roulettes.net\/Site\/wp-content\/uploads\/2022\/02\/voiliersolaire-768x508.jpg 768w, https:\/\/www.planete-a-roulettes.net\/Site\/wp-content\/uploads\/2022\/02\/voiliersolaire-500x331.jpg 500w, https:\/\/www.planete-a-roulettes.net\/Site\/wp-content\/uploads\/2022\/02\/voiliersolaire-800x529.jpg 800w, https:\/\/www.planete-a-roulettes.net\/Site\/wp-content\/uploads\/2022\/02\/voiliersolaire-1280x847.jpg 1280w, https:\/\/www.planete-a-roulettes.net\/Site\/wp-content\/uploads\/2022\/02\/voiliersolaire.jpg 1332w\" sizes=\"(max-width: 1024px) 100vw, 1024px\" \/><\/a><\/figure>\n\n\n\n<div class=\"wp-block-stackable-button-group stk-block-button-group stk-block stk-df59644\" data-block-id=\"df59644\"><style>.stk-df59644{margin-bottom:8px !important}<\/style><div class=\"stk-row stk-inner-blocks stk-block-content stk-button-group\">\n<div class=\"wp-block-stackable-button stk-block-button stk-block stk-a376b5d\" data-block-id=\"a376b5d\"><style>.stk-a376b5d,.stk-a376b5d .stk-button{width:100% !important}.stk-a376b5d .stk-button{background:#ff9c00 !important}.stk-a376b5d .stk-button{border-radius:10px !important;overflow:hidden !important}.stk-a376b5d .stk-button .stk--inner-svg svg:last-child,.stk-a376b5d .stk-button .stk--inner-svg svg:last-child :is(g,path,rect,polygon,ellipse){fill:#ff9529 !important}.stk-a376b5d .stk-button__inner-text{font-size:20px !important;color:var(--theme-palette-color-6,#f2f5f7) !important;font-weight:600 !important;font-family:\"Bai Jamjuree\",Sans-serif !important}@media screen and (max-width:1023px){.stk-a376b5d .stk-button__inner-text{font-size:20px !important}}<\/style><a class=\"stk-link stk-button stk--hover-effect-scale\" href=\"http:\/\/www.planete-a-roulettes.net\/Conference_141218\/assets\/player\/KeynoteDHTMLPlayer.html#0\" title=\"Voir le site\" rel=\"https:\/\/www.planete-a-roulettes.net\/Site\/voiliers-solaires\/\"><span class=\"has-text-color has-palette-color-6-color stk-button__inner-text\">Voir le site<\/span><\/a><\/div>\n<\/div><\/div>\n\n\n\n<div class=\"wp-block-stackable-subtitle stk-block-subtitle stk-block stk-ab424bf\" data-block-id=\"ab424bf\"><style>.stk-ab424bf{min-height:0px !important;max-width:1500px !important;min-width:auto !important;padding-top:6px !important;padding-right:6px !important;padding-bottom:6px !important;padding-left:6px !important;margin-bottom:2px !important;display:flex !important}.stk-ab424bf{align-items:flex-start !important}.stk-ab424bf{z-index:3 !important}.stk-ab424bf .stk-block-subtitle__text{text-shadow:2px 2px 4px rgba(0,0,0,0.2) !important;font-size:25px !important;color:var(--theme-palette-color-3,#3A4F66) !important;font-family:\"Bai Jamjuree\",Sans-serif !important}@media screen and (max-width:1023px){.stk-ab424bf .stk-block-subtitle__text{font-size:25px !important}}<\/style><p class=\"stk-block-subtitle__text stk-subtitle has-text-color has-palette-color-3-color has-text-align-center\"><strong><strong><strong>Voiliers solaires<\/strong><\/strong><\/strong><\/p><\/div>\n\n\n\n<p class=\"has-small-font-size\">Conf\u00e9rence d&#8217;Olivier Boisard du 14\/12\/18, dans le cadre de l&#8217;association AGP21.<\/p>\n<\/div>\n<\/div>\n\n\n\n<div class=\"wp-block-column is-vertically-aligned-top is-layout-flow wp-block-column-is-layout-flow\">\n<div class=\"wp-block-animate-blocks-animate\" data-aos=\"slide-up\" data-aos-easing=\"ease-out\">\n<figure class=\"wp-block-image size-full is-style-default\"><a href=\"https:\/\/www.planete-a-roulettes.net\/Site\/cosmos\/\"><img loading=\"lazy\" decoding=\"async\" width=\"500\" height=\"331\" src=\"http:\/\/www.planete-a-roulettes.net\/Site\/wp-content\/uploads\/2022\/02\/amboise1.jpg\" alt=\"\" class=\"wp-image-1364\" srcset=\"https:\/\/www.planete-a-roulettes.net\/Site\/wp-content\/uploads\/2022\/02\/amboise1.jpg 500w, https:\/\/www.planete-a-roulettes.net\/Site\/wp-content\/uploads\/2022\/02\/amboise1-300x199.jpg 300w\" sizes=\"(max-width: 500px) 100vw, 500px\" \/><\/a><\/figure>\n\n\n\n<div class=\"wp-block-stackable-button-group stk-block-button-group stk-block stk-c9a8803\" data-block-id=\"c9a8803\"><style>.stk-c9a8803{margin-bottom:8px !important}<\/style><div class=\"stk-row stk-inner-blocks stk-block-content stk-button-group\">\n<div class=\"wp-block-stackable-button stk-block-button stk-block stk-12acb4d\" data-block-id=\"12acb4d\"><style>.stk-12acb4d,.stk-12acb4d .stk-button{width:100% !important}.stk-12acb4d .stk-button{background:#ff9c00 !important}.stk-12acb4d .stk-button{border-radius:10px !important;overflow:hidden !important}.stk-12acb4d .stk-button .stk--inner-svg svg:last-child,.stk-12acb4d .stk-button .stk--inner-svg svg:last-child :is(g,path,rect,polygon,ellipse){fill:#ff9529 !important}.stk-12acb4d .stk-button__inner-text{font-size:20px !important;color:var(--theme-palette-color-6,#f2f5f7) !important;font-weight:600 !important;font-family:\"Bai Jamjuree\",Sans-serif !important}@media screen and (max-width:1023px){.stk-12acb4d .stk-button__inner-text{font-size:20px !important}}<\/style><a class=\"stk-link stk-button stk--hover-effect-scale\" href=\"https:\/\/www.planete-a-roulettes.net\/Site\/cosmos\/\" title=\"Pr\u00e9sentation de l'appli\" rel=\"https:\/\/www.planete-a-roulettes.net\/Site\/cosmos\/\"><span class=\"has-text-color has-palette-color-6-color stk-button__inner-text\">A propos du spectacle<\/span><\/a><\/div>\n<\/div><\/div>\n\n\n\n<div class=\"wp-block-stackable-subtitle stk-block-subtitle stk-block stk-2485bda\" data-block-id=\"2485bda\"><style>.stk-2485bda{min-height:0px !important;max-width:1500px !important;min-width:auto !important;padding-top:6px !important;padding-right:6px !important;padding-bottom:6px !important;padding-left:6px !important;margin-bottom:2px !important;display:flex !important}.stk-2485bda{align-items:flex-start !important}.stk-2485bda{z-index:3 !important}.stk-2485bda .stk-block-subtitle__text{text-shadow:2px 2px 4px rgba(0,0,0,0.2) !important;font-size:25px !important;color:var(--theme-palette-color-3,#3A4F66) !important;font-family:\"Bai Jamjuree\",Sans-serif !important}@media screen and (max-width:1023px){.stk-2485bda .stk-block-subtitle__text{font-size:25px !important}}<\/style><p class=\"stk-block-subtitle__text stk-subtitle has-text-color has-palette-color-3-color has-text-align-center\"><strong><strong>Op\u00e9ra \u00e9lectro <\/strong>COSM\u014eS&nbsp;<\/strong><\/p><\/div>\n\n\n\n<p class=\"has-small-font-size\">Le projet de spectacle&nbsp;<em>COSM\u014eS&nbsp;<\/em>a \u00e9t\u00e9 initi\u00e9 en 2018 par le compositeur et musicien <strong>Fr\u00e9d\u00e9ric Bousquet<\/strong>, avec <strong>Olivier Boisard,<\/strong> intervenant comme space designer et conseiller scientifique. Cet<em>&nbsp;op\u00e9ra electro&nbsp;<\/em>interpr\u00e9t\u00e9 par le groupe INVENTOR, vous embarque pour un grand voyage dans l&#8217;espace, jusqu&#8217;aux confins myst\u00e9rieux du syst\u00e8me solaire.<\/p>\n<\/div>\n<\/div>\n<\/div>\n<\/div>\n","protected":false},"excerpt":{"rendered":"<p>Espace<\/p>\n","protected":false},"author":1,"featured_media":0,"parent":0,"menu_order":0,"comment_status":"closed","ping_status":"closed","template":"","meta":{"_uag_custom_page_level_css":"","footnotes":""},"blocksy_meta":{"styles_descriptor":{"styles":{"desktop":"","tablet":"","mobile":""},"google_fonts":[],"version":6}},"uagb_featured_image_src":{"full":false,"thumbnail":false,"medium":false,"medium_large":false,"large":false,"1536x1536":false,"2048x2048":false,"awb_sm":false,"awb_md":false,"awb_lg":false,"awb_xl":false},"uagb_author_info":{"display_name":"oboisard","author_link":"https:\/\/www.planete-a-roulettes.net\/Site\/blog\/author\/oboisard\/"},"uagb_comment_info":0,"uagb_excerpt":"Espace","_links":{"self":[{"href":"https:\/\/www.planete-a-roulettes.net\/Site\/wp-json\/wp\/v2\/pages\/2"}],"collection":[{"href":"https:\/\/www.planete-a-roulettes.net\/Site\/wp-json\/wp\/v2\/pages"}],"about":[{"href":"https:\/\/www.planete-a-roulettes.net\/Site\/wp-json\/wp\/v2\/types\/page"}],"author":[{"embeddable":true,"href":"https:\/\/www.planete-a-roulettes.net\/Site\/wp-json\/wp\/v2\/users\/1"}],"replies":[{"embeddable":true,"href":"https:\/\/www.planete-a-roulettes.net\/Site\/wp-json\/wp\/v2\/comments?post=2"}],"version-history":[{"count":13,"href":"https:\/\/www.planete-a-roulettes.net\/Site\/wp-json\/wp\/v2\/pages\/2\/revisions"}],"predecessor-version":[{"id":1879,"href":"https:\/\/www.planete-a-roulettes.net\/Site\/wp-json\/wp\/v2\/pages\/2\/revisions\/1879"}],"wp:attachment":[{"href":"https:\/\/www.planete-a-roulettes.net\/Site\/wp-json\/wp\/v2\/media?parent=2"}],"curies":[{"name":"wp","href":"https:\/\/api.w.org\/{rel}","templated":true}]}}