{"id":1405,"date":"2022-02-08T10:07:55","date_gmt":"2022-02-08T09:07:55","guid":{"rendered":"http:\/\/www.planete-a-roulettes.net\/Site\/?page_id=1405"},"modified":"2022-02-16T12:00:59","modified_gmt":"2022-02-16T11:00:59","slug":"pro","status":"publish","type":"page","link":"https:\/\/www.planete-a-roulettes.net\/Site\/pro\/","title":{"rendered":"Pro"},"content":{"rendered":"\n<div class=\"wp-block-group has-palette-color-8-background-color has-background is-layout-flow wp-block-group-is-layout-flow\">\n<div class=\"wp-block-stackable-subtitle stk-block-subtitle stk-block stk-be21755\" data-block-id=\"be21755\"><style>.stk-be21755{min-height:0px !important;max-width:1500px !important;min-width:auto !important;padding-top:6px !important;padding-right:6px !important;padding-bottom:6px !important;padding-left:6px !important;margin-bottom:2px !important;display:flex !important}.stk-be21755{align-items:flex-start !important}.stk-be21755{z-index:3 !important}.stk-be21755 .stk-block-subtitle__text{text-shadow:2px 2px 4px rgba(0,0,0,0.2) !important;font-size:40px !important;color:var(--theme-palette-color-3,#3A4F66) !important;font-family:\"Bai Jamjuree\",Sans-serif !important}@media screen and (max-width:1023px){.stk-be21755 .stk-block-subtitle__text{font-size:40px !important}}<\/style><p class=\"stk-block-subtitle__text stk-subtitle has-text-color has-palette-color-3-color has-text-align-left\"><strong><strong>Pro<\/strong><\/strong><\/p><\/div>\n\n\n\n<div class=\"wp-block-stackable-divider alignfull stk-block-divider has-text-align-center stk-block stk-d736d2d\" data-block-id=\"d736d2d\"><style>.stk-d736d2d{min-height:0px !important;max-width:5000px !important;min-width:auto !important;margin-right:auto !important;margin-bottom:-15px !important;margin-left:auto !important;display:flex !important}.stk-d736d2d{align-items:center !important}.stk-d736d2d hr.stk-block-divider__hr{background:#ff9c00 !important;height:5px !important;width:100% !important}<\/style><hr class=\"stk-block-divider__hr\"\/><\/div>\n\n\n\n<div class=\"wp-block-group has-palette-color-3-color has-palette-color-8-background-color has-text-color has-background is-layout-flow wp-block-group-is-layout-flow\">\n<div class=\"wp-block-stackable-subtitle stk-block-subtitle stk-block stk-491eecb\" data-block-id=\"491eecb\"><style>.stk-491eecb{margin-bottom:23px !important}<\/style><p class=\"stk-block-subtitle__text stk-subtitle\"><\/p><\/div>\n\n\n\n<div class=\"wp-block-stackable-subtitle stk-block-subtitle stk-block stk-05aec39\" data-block-id=\"05aec39\"><style>.stk-05aec39{margin-bottom:7px !important}.stk-05aec39 .stk-block-subtitle__text{font-size:28px !important}@media screen and (max-width:1023px){.stk-05aec39 .stk-block-subtitle__text{font-size:28px !important}}<\/style><p class=\"stk-block-subtitle__text stk-subtitle\"><strong>Olivier Boisard &#8211; Conseil<\/strong><\/p><\/div>\n\n\n\n<div class=\"wp-block-stackable-subtitle stk-block-subtitle stk-block stk-498bb8b\" data-block-id=\"498bb8b\"><style>.stk-498bb8b .stk-block-subtitle__text{font-size:20px !important}@media screen and (max-width:1023px){.stk-498bb8b .stk-block-subtitle__text{font-size:20px !important}}<\/style><p class=\"stk-block-subtitle__text stk-subtitle\"><strong>T\u00e9l : 06 71 63 00 48<br>Mail : olivier@olivier-boisard.net<\/strong><br>Web : www.olivier-boisard.net<br>Date de cr\u00e9ation : 2002<br>SIRET : 41279546 000010<br>Code NAF : Conseil en syst\u00e8mes et logiciels informatiques (6202A)<br>N\u00b0 de TVA Intracommunautaire : FR02412795460<br>US Employer Identification Number (EIN) : 98-1348150<\/p><\/div>\n\n\n\n<div class=\"wp-block-stackable-subtitle stk-block-subtitle stk-block stk-07232f9\" data-block-id=\"07232f9\"><style>.stk-07232f9{margin-bottom:9px !important}.stk-07232f9 .stk-block-subtitle__text{font-size:24px !important}@media screen and (max-width:1023px){.stk-07232f9 .stk-block-subtitle__text{font-size:24px !important}}<\/style><p class=\"stk-block-subtitle__text stk-subtitle\">Domaines d&#8217;activit\u00e9 :<\/p><\/div>\n\n\n\n<div class=\"wp-block-stackable-subtitle stk-block-subtitle stk-block stk-70efbd6\" data-block-id=\"70efbd6\"><style>.stk-70efbd6 .stk-block-subtitle__text{font-size:24px !important;font-family:\"Bai Jamjuree\",Sans-serif !important}@media screen and (max-width:1023px){.stk-70efbd6 .stk-block-subtitle__text{font-size:24px !important}}<\/style><p class=\"stk-block-subtitle__text stk-subtitle has-text-align-left\"><strong><a href=\"http:\/\/www.planete-a-roulettes.net\/Site\/references\/#informatique\">Informatique, web et applications mobiles<\/a><\/strong><br><strong><a href=\"http:\/\/www.planete-a-roulettes.net\/Site\/studio3d\/\">Multimedia et image de synth\u00e8se<\/a><br><a href=\"http:\/\/www.planete-a-roulettes.net\/Site\/observation-territoriale\/\">Conception d\u2019outils d\u2019observation territoriale<\/a><\/strong><br><strong><a href=\"http:\/\/www.google.fr\"><\/a><strong><a href=\"http:\/\/www.planete-a-roulettes.net\/Site\/references\/#conseil\">Conseil et pilotage de projets<\/a><\/strong><\/strong><\/p><\/div>\n\n\n\n<div class=\"wp-block-stackable-subtitle stk-block-subtitle stk-block stk-5ac98b3\" data-block-id=\"5ac98b3\"><p class=\"stk-block-subtitle__text stk-subtitle\"><\/p><\/div>\n\n\n\n<div class=\"wp-block-stackable-subtitle stk-block-subtitle stk-block stk-bb49062\" data-block-id=\"bb49062\"><style>.stk-bb49062 .stk-block-subtitle__text{font-size:24px !important}@media screen and (max-width:1023px){.stk-bb49062 .stk-block-subtitle__text{font-size:24px !important}}<\/style><p class=\"stk-block-subtitle__text stk-subtitle\"><strong>> <a href=\"https:\/\/www.planete-a-roulettes.net\/Site\/references\/\">R\u00e9f\u00e9rences<\/a><\/strong><br><strong>> <a href=\"https:\/\/www.planete-a-roulettes.net\/Site\/publications\/\">Publications <\/a><\/strong><\/p><\/div>\n<\/div>\n<\/div>\n\n\n\n<p><\/p>\n","protected":false},"excerpt":{"rendered":"<p>Pro Olivier Boisard &#8211; Conseil T\u00e9l : 06 71 63 00 48Mail : olivier@olivier-boisard.netWeb : www.olivier-boisard.netDate de cr\u00e9ation : 2002SIRET : 41279546 000010Code NAF : Conseil en syst\u00e8mes et logiciels informatiques (6202A)N\u00b0 de TVA Intracommunautaire : FR02412795460US Employer Identification Number (EIN) : 98-1348150 Domaines d&#8217;activit\u00e9 : Informatique, web et applications mobilesMultimedia et image de synth\u00e8seConception [&hellip;]<\/p>\n","protected":false},"author":1,"featured_media":0,"parent":0,"menu_order":0,"comment_status":"closed","ping_status":"closed","template":"","meta":{"_uag_custom_page_level_css":"","footnotes":""},"blocksy_meta":{"styles_descriptor":{"styles":{"desktop":"","tablet":"","mobile":""},"google_fonts":[],"version":6}},"uagb_featured_image_src":{"full":false,"thumbnail":false,"medium":false,"medium_large":false,"large":false,"1536x1536":false,"2048x2048":false,"awb_sm":false,"awb_md":false,"awb_lg":false,"awb_xl":false},"uagb_author_info":{"display_name":"oboisard","author_link":"https:\/\/www.planete-a-roulettes.net\/Site\/blog\/author\/oboisard\/"},"uagb_comment_info":0,"uagb_excerpt":"Pro Olivier Boisard &#8211; Conseil T\u00e9l : 06 71 63 00 48Mail : olivier@olivier-boisard.netWeb : www.olivier-boisard.netDate de cr\u00e9ation : 2002SIRET : 41279546 000010Code NAF : Conseil en syst\u00e8mes et logiciels informatiques (6202A)N\u00b0 de TVA Intracommunautaire : FR02412795460US Employer Identification Number (EIN) : 98-1348150 Domaines d&#8217;activit\u00e9 : Informatique, web et applications mobilesMultimedia et image de synth\u00e8seConception\u2026","_links":{"self":[{"href":"https:\/\/www.planete-a-roulettes.net\/Site\/wp-json\/wp\/v2\/pages\/1405"}],"collection":[{"href":"https:\/\/www.planete-a-roulettes.net\/Site\/wp-json\/wp\/v2\/pages"}],"about":[{"href":"https:\/\/www.planete-a-roulettes.net\/Site\/wp-json\/wp\/v2\/types\/page"}],"author":[{"embeddable":true,"href":"https:\/\/www.planete-a-roulettes.net\/Site\/wp-json\/wp\/v2\/users\/1"}],"replies":[{"embeddable":true,"href":"https:\/\/www.planete-a-roulettes.net\/Site\/wp-json\/wp\/v2\/comments?post=1405"}],"version-history":[{"count":4,"href":"https:\/\/www.planete-a-roulettes.net\/Site\/wp-json\/wp\/v2\/pages\/1405\/revisions"}],"predecessor-version":[{"id":1773,"href":"https:\/\/www.planete-a-roulettes.net\/Site\/wp-json\/wp\/v2\/pages\/1405\/revisions\/1773"}],"wp:attachment":[{"href":"https:\/\/www.planete-a-roulettes.net\/Site\/wp-json\/wp\/v2\/media?parent=1405"}],"curies":[{"name":"wp","href":"https:\/\/api.w.org\/{rel}","templated":true}]}}