{"id":12,"date":"2022-01-04T15:37:04","date_gmt":"2022-01-04T14:37:04","guid":{"rendered":"http:\/\/www.planete-a-roulettes.net\/Site\/?page_id=12"},"modified":"2022-02-03T11:30:37","modified_gmt":"2022-02-03T10:30:37","slug":"studio3d","status":"publish","type":"page","link":"https:\/\/www.planete-a-roulettes.net\/Site\/studio3d\/","title":{"rendered":"Studio 3D"},"content":{"rendered":"\n<div class=\"wp-block-group has-palette-color-8-background-color has-background is-layout-flow wp-block-group-is-layout-flow\">\n<div class=\"wp-block-stackable-subtitle stk-block-subtitle stk-block stk-be21755\" data-block-id=\"be21755\"><style>.stk-be21755{min-height:0px !important;max-width:1500px !important;min-width:auto !important;padding-top:6px !important;padding-right:6px !important;padding-bottom:6px !important;padding-left:6px !important;margin-bottom:2px !important;display:flex !important}.stk-be21755{align-items:flex-start !important}.stk-be21755{z-index:3 !important}.stk-be21755 .stk-block-subtitle__text{text-shadow:2px 2px 4px rgba(0,0,0,0.2) !important;font-size:40px !important;color:var(--theme-palette-color-3,#3A4F66) !important;font-family:\"Bai Jamjuree\",Sans-serif !important}@media screen and (max-width:1023px){.stk-be21755 .stk-block-subtitle__text{font-size:40px !important}}<\/style><p class=\"stk-block-subtitle__text stk-subtitle has-text-color has-palette-color-3-color has-text-align-left\">           <strong> <strong>Conception &amp; diffusion 3D<\/strong><\/strong><\/p><\/div>\n\n\n\n<div class=\"wp-block-stackable-divider alignfull stk-block-divider has-text-align-center stk-block stk-d736d2d\" data-block-id=\"d736d2d\"><style>.stk-d736d2d{min-height:0px !important;max-width:5000px !important;min-width:auto !important;margin-right:auto !important;margin-bottom:-15px !important;margin-left:auto !important;display:flex !important}.stk-d736d2d{align-items:center !important}.stk-d736d2d hr.stk-block-divider__hr{background:#ff9c00 !important;height:5px !important;width:100% !important}<\/style><hr class=\"stk-block-divider__hr\"\/><\/div>\n\n\n\n<div class=\"wp-block-group has-background is-layout-flow wp-block-group-is-layout-flow\" style=\"background-color:#eef4f9\">\n<p style=\"font-size:clamp(14px, 0.875rem + ((1vw - 3.2px) * 0.313), 18px);\"><strong>Chaque projet 3D est particulier<\/strong> : capturer un b\u00e2timent par <strong>scan 3D<\/strong> en int\u00e9rieur ou en ext\u00e9rieur, concevoir un<strong> design 3D <\/strong>original, r\u00e9aliser une s\u00e9quence<strong> <\/strong><strong>vid\u00e9o 4K en images de synth\u00e8se<\/strong> <strong>photor\u00e9alistes<\/strong> ou en <strong>motion tracking <\/strong>combinant prises de vue r\u00e9elles et virtuelles, diffuser un <strong>mod\u00e8le 3D interactif<\/strong><strong> <\/strong>sur le web, en <strong>r\u00e9alit\u00e9 virtuelle<\/strong> pour lunettes VR Oculus ou HTC Vive, ou en <strong>r\u00e9alit\u00e9 augment\u00e9e<\/strong> pour smartphones et tablettes \u2026<\/p>\n\n\n\n<p class=\"has-text-align-center\" style=\"font-size:clamp(14px, 0.875rem + ((1vw - 3.2px) * 0.313), 18px);\"><em>Nous intervenons \u00e0 chaque \u00e9tape du process de conception et de diffusion :<\/em><\/p>\n\n\n\n<div class=\"wp-block-columns is-layout-flex wp-container-core-columns-is-layout-1 wp-block-columns-is-layout-flex\">\n<div class=\"wp-block-column is-vertically-aligned-top is-layout-flow wp-block-column-is-layout-flow\">\n<div class=\"wp-block-animate-blocks-animate\" data-aos=\"slide-up\" data-aos-easing=\"ease-out\">\n<figure class=\"wp-block-image size-full is-style-default\"><img loading=\"lazy\" decoding=\"async\" width=\"693\" height=\"458\" src=\"http:\/\/www.planete-a-roulettes.net\/Site\/wp-content\/uploads\/2022\/02\/3D-Point-Cloud-in-Reality-Capture-e1643729204143.jpg\" alt=\"\" class=\"wp-image-1007\" srcset=\"https:\/\/www.planete-a-roulettes.net\/Site\/wp-content\/uploads\/2022\/02\/3D-Point-Cloud-in-Reality-Capture-e1643729204143.jpg 693w, https:\/\/www.planete-a-roulettes.net\/Site\/wp-content\/uploads\/2022\/02\/3D-Point-Cloud-in-Reality-Capture-e1643729204143-300x198.jpg 300w\" sizes=\"(max-width: 693px) 100vw, 693px\" \/><\/figure>\n\n\n\n<div class=\"wp-block-stackable-text stk-block-text stk-block stk-4511b7e\" data-block-id=\"4511b7e\"><style>.stk-4511b7e{margin-bottom:15px !important}.stk-4511b7e .stk-block-text__text{font-size:30px !important}@media screen and (max-width:1023px){.stk-4511b7e .stk-block-text__text{font-size:30px !important}}<\/style><p class=\"stk-block-text__text has-text-align-center\"><strong>Scanner<\/strong><\/p><\/div>\n\n\n\n<p class=\"has-small-font-size\">Scanner en 3D un site touristique, un site culturel, un bien immobilier, ou tout simplement un objet, pour constituer le nuage de points qui permettra d&#8217;\u00e9laborer une repr\u00e9sentation virtuelle fid\u00e8le au mod\u00e8le d\u2019origine.<\/p>\n<\/div>\n<\/div>\n\n\n\n<div class=\"wp-block-column is-layout-flow wp-block-column-is-layout-flow\">\n<div class=\"wp-block-animate-blocks-animate\" data-aos=\"slide-up\" data-aos-easing=\"ease-out\">\n<figure class=\"wp-block-image size-large is-style-default\"><img loading=\"lazy\" decoding=\"async\" width=\"1024\" height=\"677\" src=\"http:\/\/www.planete-a-roulettes.net\/Site\/wp-content\/uploads\/2022\/02\/plan-1024x677.jpg\" alt=\"\" class=\"wp-image-1009\" srcset=\"https:\/\/www.planete-a-roulettes.net\/Site\/wp-content\/uploads\/2022\/02\/plan-1024x677.jpg 1024w, https:\/\/www.planete-a-roulettes.net\/Site\/wp-content\/uploads\/2022\/02\/plan-300x198.jpg 300w, https:\/\/www.planete-a-roulettes.net\/Site\/wp-content\/uploads\/2022\/02\/plan-768x508.jpg 768w, https:\/\/www.planete-a-roulettes.net\/Site\/wp-content\/uploads\/2022\/02\/plan.jpg 1332w\" sizes=\"(max-width: 1024px) 100vw, 1024px\" \/><\/figure>\n\n\n\n<div class=\"wp-block-stackable-text stk-block-text stk-block stk-9ca4f3c\" data-block-id=\"9ca4f3c\"><style>.stk-9ca4f3c{margin-bottom:15px !important}.stk-9ca4f3c .stk-block-text__text{font-size:30px !important}@media screen and (max-width:1023px){.stk-9ca4f3c .stk-block-text__text{font-size:30px !important}}<\/style><p class=\"stk-block-text__text has-text-align-center\"><strong>Mod\u00e9liser<\/strong><\/p><\/div>\n\n\n\n<p class=\"has-small-font-size\">Concevoir, \u00e0 partir d\u2019un scan 3D, de plans ou de croquis, un mod\u00e8le 3D original dans un format compatible avec des logiciels d\u2019image de synth\u00e8se, de postproduction video, ou des moteurs de jeu tels qu\u2019Unity ou Unreal Engine.<\/p>\n<\/div>\n<\/div>\n\n\n\n<div class=\"wp-block-column is-layout-flow wp-block-column-is-layout-flow\">\n<div class=\"wp-block-animate-blocks-animate\" data-aos=\"slide-up\" data-aos-easing=\"ease-out\">\n<figure class=\"wp-block-image size-large is-style-default\"><img loading=\"lazy\" decoding=\"async\" width=\"1024\" height=\"677\" src=\"http:\/\/www.planete-a-roulettes.net\/Site\/wp-content\/uploads\/2022\/02\/vr-1024x677.jpg\" alt=\"\" class=\"wp-image-1010\" srcset=\"https:\/\/www.planete-a-roulettes.net\/Site\/wp-content\/uploads\/2022\/02\/vr-1024x677.jpg 1024w, https:\/\/www.planete-a-roulettes.net\/Site\/wp-content\/uploads\/2022\/02\/vr-300x198.jpg 300w, https:\/\/www.planete-a-roulettes.net\/Site\/wp-content\/uploads\/2022\/02\/vr-768x508.jpg 768w, https:\/\/www.planete-a-roulettes.net\/Site\/wp-content\/uploads\/2022\/02\/vr.jpg 1332w\" sizes=\"(max-width: 1024px) 100vw, 1024px\" \/><\/figure>\n\n\n\n<div class=\"wp-block-stackable-text stk-block-text stk-block stk-5ffb4be\" data-block-id=\"5ffb4be\"><style>.stk-5ffb4be{margin-bottom:15px !important}.stk-5ffb4be .stk-block-text__text{font-size:30px !important}@media screen and (max-width:1023px){.stk-5ffb4be .stk-block-text__text{font-size:30px !important}}<\/style><p class=\"stk-block-text__text has-text-align-center\"><strong>Diffuser<\/strong><\/p><\/div>\n\n\n\n<p class=\"has-small-font-size\">Visualiser des mod\u00e8les 3D interactifs sur le web, cr\u00e9er des animations en images de synth\u00e8se en qualit\u00e9 HD et 4K, concevoir des visites virtuelles compatibles avec des lunettes VR de type HTC Vive, Oculus.<\/p>\n<\/div>\n<\/div>\n<\/div>\n<\/div>\n<\/div>\n\n\n\n<p class=\"has-text-align-center\" style=\"font-size:clamp(18.959px, 1.185rem + ((1vw - 3.2px) * 0.863), 30px);\"><strong>Une question, un projet ?<\/strong><br><strong>Contact : <\/strong><a rel=\"noreferrer noopener\" href=\"mailto:olivier@olivier-boisard.net\" target=\"_blank\"><strong>olivier@olivier-boisard.net.<\/strong><\/a><\/p>\n\n\n\n<div class=\"wp-block-group has-palette-color-8-background-color has-background is-layout-flow wp-block-group-is-layout-flow\">\n<div class=\"wp-block-stackable-subtitle stk-block-subtitle stk-block stk-3146113\" data-block-id=\"3146113\"><style>.stk-3146113{min-height:0px !important;max-width:1500px !important;min-width:auto !important;padding-top:6px !important;padding-right:6px !important;padding-bottom:6px !important;padding-left:6px !important;margin-bottom:2px !important;display:flex !important}.stk-3146113{align-items:flex-start !important}.stk-3146113{z-index:3 !important}.stk-3146113 .stk-block-subtitle__text{text-shadow:2px 2px 4px rgba(0,0,0,0.2) !important;font-size:34px !important;color:var(--theme-palette-color-3,#3A4F66) !important;font-family:\"Bai Jamjuree\",Sans-serif !important}@media screen and (max-width:1023px){.stk-3146113 .stk-block-subtitle__text{font-size:34px !important}}<\/style><p class=\"stk-block-subtitle__text stk-subtitle has-text-color has-palette-color-3-color has-text-align-center\"><strong>D\u00e9monstrations en ligne et r\u00e9f\u00e9rences<\/strong><\/p><\/div>\n\n\n\n<div class=\"wp-block-stackable-divider alignfull stk-block-divider has-text-align-center stk-block stk-bcc5101\" data-block-id=\"bcc5101\"><style>.stk-bcc5101{min-height:0px !important;max-width:5000px !important;min-width:auto !important;margin-right:auto !important;margin-bottom:-15px !important;margin-left:auto !important;display:flex !important}.stk-bcc5101{align-items:center !important}.stk-bcc5101 hr.stk-block-divider__hr{background:#ff9c00 !important;height:5px !important;width:100% !important}<\/style><hr class=\"stk-block-divider__hr\"\/><\/div>\n\n\n\n<div class=\"wp-block-group has-palette-color-4-color has-text-color has-background is-layout-flow wp-block-group-is-layout-flow\" style=\"background-color:#eef4f9\">\n<div class=\"wp-block-columns is-layout-flex wp-container-core-columns-is-layout-2 wp-block-columns-is-layout-flex\">\n<div class=\"wp-block-column is-vertically-aligned-top is-layout-flow wp-block-column-is-layout-flow\">\n<div class=\"wp-block-animate-blocks-animate\" data-aos=\"slide-up\" data-aos-easing=\"ease-out\">\n<figure class=\"wp-block-image size-large is-style-default\"><a href=\"http:\/\/www.planete-a-roulettes.net\/Site\/chateau-de-gratot-en-3d\/\"><img loading=\"lazy\" decoding=\"async\" width=\"1024\" height=\"677\" src=\"http:\/\/www.planete-a-roulettes.net\/Site\/wp-content\/uploads\/2022\/02\/gratot-1024x677.jpg\" alt=\"\" class=\"wp-image-1066\" srcset=\"https:\/\/www.planete-a-roulettes.net\/Site\/wp-content\/uploads\/2022\/02\/gratot-1024x677.jpg 1024w, https:\/\/www.planete-a-roulettes.net\/Site\/wp-content\/uploads\/2022\/02\/gratot-300x198.jpg 300w, https:\/\/www.planete-a-roulettes.net\/Site\/wp-content\/uploads\/2022\/02\/gratot-768x508.jpg 768w, https:\/\/www.planete-a-roulettes.net\/Site\/wp-content\/uploads\/2022\/02\/gratot.jpg 1332w\" sizes=\"(max-width: 1024px) 100vw, 1024px\" \/><\/a><\/figure>\n\n\n\n<div class=\"wp-block-stackable-button-group stk-block-button-group stk-block stk-4e66059\" data-block-id=\"4e66059\"><style>.stk-4e66059{margin-bottom:8px !important}<\/style><div class=\"stk-row stk-inner-blocks stk-block-content stk-button-group\">\n<div class=\"wp-block-stackable-button stk-block-button stk-block stk-1ab44c6\" data-block-id=\"1ab44c6\"><style>.stk-1ab44c6,.stk-1ab44c6 .stk-button{width:100% !important}.stk-1ab44c6 .stk-button{background:#ff9c00 !important}.stk-1ab44c6 .stk-button{border-radius:10px !important;overflow:hidden !important}.stk-1ab44c6 .stk-button .stk--inner-svg svg:last-child,.stk-1ab44c6 .stk-button .stk--inner-svg svg:last-child :is(g,path,rect,polygon,ellipse){fill:#ff9529 !important}.stk-1ab44c6 .stk-button__inner-text{font-size:20px !important;color:var(--theme-palette-color-6,#f2f5f7) !important;font-weight:600 !important;font-family:\"Bai Jamjuree\",Sans-serif !important}@media screen and (max-width:1023px){.stk-1ab44c6 .stk-button__inner-text{font-size:20px !important}}<\/style><a class=\"stk-link stk-button stk--hover-effect-scale\" href=\"http:\/\/www.planete-a-roulettes.net\/Site\/chateau-de-gratot-en-3d\/\" title=\"Voir le site\" rel=\"http:\/\/www.planete-a-roulettes.net\/Site\/chateau-de-gratot-en-3d\/\"><span class=\"has-text-color has-palette-color-6-color stk-button__inner-text\">Voir le site<\/span><\/a><\/div>\n<\/div><\/div>\n\n\n\n<div class=\"wp-block-stackable-subtitle stk-block-subtitle stk-block stk-3810558\" data-block-id=\"3810558\"><style>.stk-3810558{min-height:0px !important;max-width:1500px !important;min-width:auto !important;padding-top:6px !important;padding-right:6px !important;padding-bottom:6px !important;padding-left:6px !important;margin-bottom:2px !important;display:flex !important}.stk-3810558{align-items:flex-start !important}.stk-3810558{z-index:3 !important}.stk-3810558 .stk-block-subtitle__text{text-shadow:2px 2px 4px rgba(0,0,0,0.2) !important;font-size:25px !important;color:var(--theme-palette-color-3,#3A4F66) !important;font-family:\"Bai Jamjuree\",Sans-serif !important}@media screen and (max-width:1023px){.stk-3810558 .stk-block-subtitle__text{font-size:25px !important}}<\/style><p class=\"stk-block-subtitle__text stk-subtitle has-text-color has-palette-color-3-color has-text-align-center\"><strong>Scan 3D du Ch\u00e2teau de Gratot<\/strong><\/p><\/div>\n\n\n\n<p class=\"has-small-font-size\">Le Chateau de Gratot, en Normandie, scann\u00e9 par photogramm\u00e9trie, et visualis\u00e9 sur le web en 3D interactive. Cette technique de visualisation (webgl\/Babylon.js) est compatible avec une diffusion sur tablettes et smartphones.<\/p>\n<\/div>\n<\/div>\n\n\n\n<div class=\"wp-block-column is-layout-flow wp-block-column-is-layout-flow\">\n<div class=\"wp-block-animate-blocks-animate\" data-aos=\"slide-up\" data-aos-easing=\"ease-out\">\n<figure class=\"wp-block-image size-large is-style-default\"><a href=\"http:\/\/www.planete-a-roulettes.net\/Site\/villa-cavrois\/\"><img loading=\"lazy\" decoding=\"async\" width=\"1024\" height=\"677\" src=\"http:\/\/www.planete-a-roulettes.net\/Site\/wp-content\/uploads\/2022\/02\/cavrois-1024x677.jpg\" alt=\"\" class=\"wp-image-1065\" srcset=\"https:\/\/www.planete-a-roulettes.net\/Site\/wp-content\/uploads\/2022\/02\/cavrois-1024x677.jpg 1024w, https:\/\/www.planete-a-roulettes.net\/Site\/wp-content\/uploads\/2022\/02\/cavrois-300x198.jpg 300w, https:\/\/www.planete-a-roulettes.net\/Site\/wp-content\/uploads\/2022\/02\/cavrois-768x508.jpg 768w, https:\/\/www.planete-a-roulettes.net\/Site\/wp-content\/uploads\/2022\/02\/cavrois.jpg 1332w\" sizes=\"(max-width: 1024px) 100vw, 1024px\" \/><\/a><\/figure>\n\n\n\n<div class=\"wp-block-stackable-button-group stk-block-button-group stk-block stk-4cca5ba\" data-block-id=\"4cca5ba\"><style>.stk-4cca5ba{margin-bottom:8px !important}<\/style><div class=\"stk-row stk-inner-blocks stk-block-content stk-button-group\">\n<div class=\"wp-block-stackable-button stk-block-button stk-block stk-6f509a2\" data-block-id=\"6f509a2\"><style>.stk-6f509a2,.stk-6f509a2 .stk-button{width:100% !important}.stk-6f509a2 .stk-button{background:#ff9c00 !important}.stk-6f509a2 .stk-button{border-radius:10px !important;overflow:hidden !important}.stk-6f509a2 .stk-button .stk--inner-svg svg:last-child,.stk-6f509a2 .stk-button .stk--inner-svg svg:last-child :is(g,path,rect,polygon,ellipse){fill:#ff9529 !important}.stk-6f509a2 .stk-button__inner-text{font-size:20px !important;color:var(--theme-palette-color-6,#f2f5f7) !important;font-weight:600 !important;font-family:\"Bai Jamjuree\",Sans-serif !important}@media screen and (max-width:1023px){.stk-6f509a2 .stk-button__inner-text{font-size:20px !important}}<\/style><a class=\"stk-link stk-button stk--hover-effect-scale\" href=\"http:\/\/www.planete-a-roulettes.net\/Site\/villa-cavrois\/\" title=\"Voir le site\" rel=\"http:\/\/www.planete-a-roulettes.net\/Site\/villa-cavrois\/\"><span class=\"has-text-color has-palette-color-6-color stk-button__inner-text\">Voir le site<\/span><\/a><\/div>\n<\/div><\/div>\n\n\n\n<div class=\"wp-block-stackable-subtitle stk-block-subtitle stk-block stk-69b4f96\" data-block-id=\"69b4f96\"><style>.stk-69b4f96{min-height:0px !important;max-width:1500px !important;min-width:auto !important;padding-top:6px !important;padding-right:6px !important;padding-bottom:6px !important;padding-left:6px !important;margin-bottom:2px !important;display:flex !important}.stk-69b4f96{align-items:flex-start !important}.stk-69b4f96{z-index:3 !important}.stk-69b4f96 .stk-block-subtitle__text{text-shadow:2px 2px 4px rgba(0,0,0,0.2) !important;font-size:25px !important;color:var(--theme-palette-color-3,#3A4F66) !important;font-family:\"Bai Jamjuree\",Sans-serif !important}@media screen and (max-width:1023px){.stk-69b4f96 .stk-block-subtitle__text{font-size:25px !important}}<\/style><p class=\"stk-block-subtitle__text stk-subtitle has-text-color has-palette-color-3-color has-text-align-center\"><strong><strong>Visite virtuelle de la Villa Cavrois<\/strong><\/strong><\/p><\/div>\n\n\n\n<p class=\"has-small-font-size\">Concevoir, \u00e0 partir d\u2019un scan 3D, de plans ou de croquis, un mod\u00e8le 3D original dans un format compatible avec des logiciels d\u2019image de synth\u00e8se, de postproduction video, ou des moteurs de jeu tels qu\u2019Unity ou Unreal Engine.<\/p>\n<\/div>\n<\/div>\n\n\n\n<div class=\"wp-block-column is-layout-flow wp-block-column-is-layout-flow\">\n<div class=\"wp-block-animate-blocks-animate\" data-aos=\"slide-up\" data-aos-easing=\"ease-out\">\n<figure class=\"wp-block-image size-large is-style-default\"><a href=\"http:\/\/www.planete-a-roulettes.net\/DOC\/SUN_ARROW_OLIVIER_BOISARD_BR.pdf\"><img loading=\"lazy\" decoding=\"async\" width=\"1024\" height=\"677\" src=\"http:\/\/www.planete-a-roulettes.net\/Site\/wp-content\/uploads\/2022\/02\/spss-1024x677.jpg\" alt=\"\" class=\"wp-image-1064\" srcset=\"https:\/\/www.planete-a-roulettes.net\/Site\/wp-content\/uploads\/2022\/02\/spss-1024x677.jpg 1024w, https:\/\/www.planete-a-roulettes.net\/Site\/wp-content\/uploads\/2022\/02\/spss-300x198.jpg 300w, https:\/\/www.planete-a-roulettes.net\/Site\/wp-content\/uploads\/2022\/02\/spss-768x508.jpg 768w, https:\/\/www.planete-a-roulettes.net\/Site\/wp-content\/uploads\/2022\/02\/spss.jpg 1332w\" sizes=\"(max-width: 1024px) 100vw, 1024px\" \/><\/a><\/figure>\n\n\n\n<div class=\"wp-block-stackable-button-group stk-block-button-group stk-block stk-48ecd6d\" data-block-id=\"48ecd6d\"><style>.stk-48ecd6d{margin-bottom:8px !important}<\/style><div class=\"stk-row stk-inner-blocks stk-block-content stk-button-group\">\n<div class=\"wp-block-stackable-button stk-block-button stk-block stk-75f66b7\" data-block-id=\"75f66b7\"><style>.stk-75f66b7,.stk-75f66b7 .stk-button{width:100% !important}.stk-75f66b7 .stk-button{background:#ff9c00 !important}.stk-75f66b7 .stk-button{border-radius:10px !important;overflow:hidden !important}.stk-75f66b7 .stk-button .stk--inner-svg svg:last-child,.stk-75f66b7 .stk-button .stk--inner-svg svg:last-child :is(g,path,rect,polygon,ellipse){fill:#ff9529 !important}.stk-75f66b7 .stk-button__inner-text{font-size:20px !important;color:var(--theme-palette-color-6,#f2f5f7) !important;font-weight:600 !important;font-family:\"Bai Jamjuree\",Sans-serif !important}@media screen and (max-width:1023px){.stk-75f66b7 .stk-button__inner-text{font-size:20px !important}}<\/style><a class=\"stk-link stk-button stk--hover-effect-scale\" href=\"http:\/\/www.planete-a-roulettes.net\/DOC\/SUN_ARROW_OLIVIER_BOISARD_BR.pdf\" title=\"Voir le doc\" rel=\"http:\/\/www.planete-a-roulettes.net\/DOC\/SUN_ARROW_OLIVIER_BOISARD_BR.pdf\"><span class=\"has-text-color has-palette-color-6-color stk-button__inner-text\">Voir le doc (pdf)<\/span><\/a><\/div>\n<\/div><\/div>\n\n\n\n<div class=\"wp-block-stackable-subtitle stk-block-subtitle stk-block stk-be6a204\" data-block-id=\"be6a204\"><style>.stk-be6a204{min-height:0px !important;max-width:1500px !important;min-width:auto !important;padding-top:6px !important;padding-right:6px !important;padding-bottom:6px !important;padding-left:6px !important;margin-bottom:2px !important;display:flex !important}.stk-be6a204{align-items:flex-start !important}.stk-be6a204{z-index:3 !important}.stk-be6a204 .stk-block-subtitle__text{text-shadow:2px 2px 4px rgba(0,0,0,0.2) !important;font-size:25px !important;color:var(--theme-palette-color-3,#3A4F66) !important;font-family:\"Bai Jamjuree\",Sans-serif !important}@media screen and (max-width:1023px){.stk-be6a204 .stk-block-subtitle__text{font-size:25px !important}}<\/style><p class=\"stk-block-subtitle__text stk-subtitle has-text-color has-palette-color-3-color has-text-align-center\"><strong><strong>Projet de SPS &#8220;Sun Arrow&#8221;<\/strong><\/strong><\/p><\/div>\n\n\n\n<p class=\"has-small-font-size\">Mod\u00e9lisation 3D d&#8217;un concept original de Centrale Solaire Spatiale (SPS) con\u00e7u par Olivier Boisard, et pr\u00e9sent\u00e9 pour le<em> Prix Architecture et Design de l&#8217;Espace<\/em> 2017 de la Fondation Jacques Rougerie, Acad\u00e9mie d&#8217;Architecture de l&#8217;Institut de France.<\/p>\n<\/div>\n<\/div>\n<\/div>\n<\/div>\n\n\n\n<p><\/p>\n\n\n\n<div class=\"wp-block-group has-palette-color-4-color has-text-color has-background is-layout-flow wp-block-group-is-layout-flow\" style=\"background-color:#ffcb77\">\n<p class=\"has-text-align-center\" style=\"font-size:clamp(21.536px, 1.346rem + ((1vw - 3.2px) * 1.052), 35px);\"><strong>&gt; <a href=\"http:\/\/www.planete-a-roulettes.net\/Site\/references\/#multimed\">Autres r\u00e9f\u00e9rences<\/a><\/strong><\/p>\n<\/div>\n\n\n\n<p><\/p>\n\n\n\n<div class=\"wp-block-group has-palette-color-4-color has-text-color has-background is-layout-flow wp-block-group-is-layout-flow\" style=\"background-color:#eef4f9\">\n<p style=\"font-size:clamp(14px, 0.875rem + ((1vw - 3.2px) * 0.313), 18px);\">Principaux logiciels utilis\u00e9s :<\/p>\n\n\n\n<ul style=\"font-size:clamp(14px, 0.875rem + ((1vw - 3.2px) * 0.313), 18px);\"><li><strong>Scan 3D<\/strong> par photogramm\u00e9trie et Laser : Reality Capture, Object Capture, scanner LIDAR<\/li><li><strong>Mod\u00e9lisation 3D<\/strong> : Blender, Vectorworks<\/li><li><strong>Montage video et Video FX<\/strong> : Final Cut Pro, Apple Motion<\/li><li><strong>Diffusion 3D sur le web<\/strong> : Babylon.Js, Three.js<\/li><li><strong>Moteur de jeu et R\u00e9alit\u00e9 Virtuelle<\/strong> : Unreal Engine, Unity<\/li><li><strong>Lunettes VR <\/strong>: HTC Vive, Oculus, Microsoft Mixed Reality<\/li><\/ul>\n<\/div>\n<\/div>\n\n\n\n<p class=\"has-text-align-center\"><\/p>\n","protected":false},"excerpt":{"rendered":"<p>Conception &amp; diffusion 3D Chaque projet 3D est particulier : capturer un b\u00e2timent par scan 3D en int\u00e9rieur ou en ext\u00e9rieur, concevoir un design 3D original, r\u00e9aliser une s\u00e9quence vid\u00e9o 4K en images de synth\u00e8se photor\u00e9alistes ou en motion tracking combinant prises de vue r\u00e9elles et virtuelles, diffuser un mod\u00e8le 3D interactif sur le web, [&hellip;]<\/p>\n","protected":false},"author":1,"featured_media":0,"parent":0,"menu_order":0,"comment_status":"closed","ping_status":"closed","template":"","meta":{"_uag_custom_page_level_css":"","footnotes":""},"blocksy_meta":{"styles_descriptor":{"styles":{"desktop":"","tablet":"","mobile":""},"google_fonts":[],"version":6}},"uagb_featured_image_src":{"full":false,"thumbnail":false,"medium":false,"medium_large":false,"large":false,"1536x1536":false,"2048x2048":false,"awb_sm":false,"awb_md":false,"awb_lg":false,"awb_xl":false},"uagb_author_info":{"display_name":"oboisard","author_link":"https:\/\/www.planete-a-roulettes.net\/Site\/blog\/author\/oboisard\/"},"uagb_comment_info":0,"uagb_excerpt":"Conception &amp; diffusion 3D Chaque projet 3D est particulier : capturer un b\u00e2timent par scan 3D en int\u00e9rieur ou en ext\u00e9rieur, concevoir un design 3D original, r\u00e9aliser une s\u00e9quence vid\u00e9o 4K en images de synth\u00e8se photor\u00e9alistes ou en motion tracking combinant prises de vue r\u00e9elles et virtuelles, diffuser un mod\u00e8le 3D interactif sur le web,\u2026","_links":{"self":[{"href":"https:\/\/www.planete-a-roulettes.net\/Site\/wp-json\/wp\/v2\/pages\/12"}],"collection":[{"href":"https:\/\/www.planete-a-roulettes.net\/Site\/wp-json\/wp\/v2\/pages"}],"about":[{"href":"https:\/\/www.planete-a-roulettes.net\/Site\/wp-json\/wp\/v2\/types\/page"}],"author":[{"embeddable":true,"href":"https:\/\/www.planete-a-roulettes.net\/Site\/wp-json\/wp\/v2\/users\/1"}],"replies":[{"embeddable":true,"href":"https:\/\/www.planete-a-roulettes.net\/Site\/wp-json\/wp\/v2\/comments?post=12"}],"version-history":[{"count":80,"href":"https:\/\/www.planete-a-roulettes.net\/Site\/wp-json\/wp\/v2\/pages\/12\/revisions"}],"predecessor-version":[{"id":1236,"href":"https:\/\/www.planete-a-roulettes.net\/Site\/wp-json\/wp\/v2\/pages\/12\/revisions\/1236"}],"wp:attachment":[{"href":"https:\/\/www.planete-a-roulettes.net\/Site\/wp-json\/wp\/v2\/media?parent=12"}],"curies":[{"name":"wp","href":"https:\/\/api.w.org\/{rel}","templated":true}]}}